{"id":4628,"date":"2023-02-18T19:44:58","date_gmt":"2023-02-18T16:44:58","guid":{"rendered":"https:\/\/lavenderblush-sheep-125930.hostingersite.com\/?post_type=product&#038;p=4628"},"modified":"2025-02-21T19:54:35","modified_gmt":"2025-02-21T16:54:35","slug":"hediye-kutu-ebat-30-30-9-cm-7","status":"publish","type":"product","link":"https:\/\/toptanhediyekutu.com\/?product=hediye-kutu-ebat-30-30-9-cm-7","title":{"rendered":"Hediye Kutusu Ebat :30\/30\/9 cm"},"content":{"rendered":"<p><iframe title=\"Hediye Kutu,Hediye Kutusu,Hediye Kutular\u0131,Hediyelik Kutu,\" width=\"1140\" height=\"641\" src=\"https:\/\/www.youtube.com\/embed\/qHQChJZBfhQ?feature=oembed\" frameborder=\"0\" allow=\"accelerometer; autoplay; clipboard-write; encrypted-media; gyroscope; picture-in-picture; web-share\" referrerpolicy=\"strict-origin-when-cross-origin\" allowfullscreen><\/iframe><\/p>\n<p>Hediye Kutu Ebat : 30\/30\/9 cm<\/p>\n<p>Hediye Kutu Kutu Kapak Model Ebat : 30\/30\/9 cm<\/p>\n<p>Hediye Kutusu Bo\u015f Ag\u0131rl\u0131k 540 Gr<\/p>\n<p>Hediyelerinizi Yada \u00dcr\u00fcnlerinizin<\/p>\n<p>Sunumunlar\u0131na Deger \u00dcst\u00fcne Deger Katman\u0131z\u0131 Saglayacak Profesyonel Lux Hediye Kutular\u0131<\/p>\n<p>Hediye Kutusu \u0130le Hediyelerinizi \u00d6zelle\u015ftirin G\u00fczelle\u015ftirin<\/p>\n<p>Hediyelerinize G\u00fczellik Katan Hediye Kutular\u0131<\/p>\n<p>Hediyeleri \u00d6zel Hediye Kutular\u0131ndan Sunmaya Ne Dersiniz<\/p>\n<p>\u00dcretimde Kullan\u0131lan Malzeme : 2 mm Sert Kal\u0131n Premium Lux Mukavava + 140 Gr Fantazi Lux Kag\u0131t<\/p>\n<p>\u00dcretim A\u015famas\u0131 : 2 mm Sert Lux Mukavava \u00dczeri Fantazi Lux Kag\u0131t S\u0131vama Usulu \u0130le El \u0130\u015f\u00e7igigi \u0130le \u00dcretilmi\u015ftir<\/p>\n<p>(Tamam\u0131 \u0130le Yerli \u00dcretim : Madde \u0130n T\u00fcrkiye )<\/p>\n","protected":false},"excerpt":{"rendered":"<p>https:\/\/youtube.com\/shorts\/qHQChJZBfhQ?feature=share<\/p>\n<p>Hediye Kutu Ebat : 30\/30\/9 cm<\/p>\n<p>Hediye Kutu Kutu Kapak Model Ebat : 30\/30\/9 cm<\/p>\n<p>Hediye Kutusu Bo\u015f Ag\u0131rl\u0131k 540 Gr<\/p>\n<p>Hediyelerinizi Yada \u00dcr\u00fcnlerinizin<\/p>\n<p>Sunumunlar\u0131na Deger \u00dcst\u00fcne Deger Katman\u0131z\u0131 Saglayacak Profesyonel Lux Hediye Kutular\u0131<\/p>\n<p>Hediye Kutusu \u0130le Hediyelerinizi \u00d6zelle\u015ftirin G\u00fczelle\u015ftirin<\/p>\n<p>Hediyelerinize G\u00fczellik Katan Hediye Kutular\u0131<\/p>\n<p>Hediyeleri \u00d6zel Hediye Kutular\u0131ndan Sunmaya Ne Dersiniz<\/p>\n<p>\u00dcretimde Kullan\u0131lan Malzeme : 2 mm Sert Kal\u0131n Premium Lux Mukavava + 140 Gr Fantazi Lux Kag\u0131t<\/p>\n<p>\u00dcretim A\u015famas\u0131 : 2 mm Sert Lux Mukavava \u00dczeri Fantazi Lux Kag\u0131t S\u0131vama Usulu \u0130le El \u0130\u015f\u00e7igigi \u0130le \u00dcretilmi\u015ftir<\/p>\n<p>(Tamam\u0131 \u0130le Yerli \u00dcretim : Madde \u0130n T\u00fcrkiye )<\/p>\n","protected":false},"featured_media":4615,"template":"","meta":{"_joinchat":[]},"product_brand":[],"product_cat":[15],"product_tag":[81,1518,86,83,87,544],"class_list":{"0":"post-4628","1":"product","2":"type-product","3":"status-publish","4":"has-post-thumbnail","6":"product_cat-hediye-kutu","7":"product_tag-bos-hediye-kutusu","8":"product_tag-dekoratif-hediye-kutusu","9":"product_tag-hediye-kutu","10":"product_tag-hediye-kutulari","11":"product_tag-hediye-kutusu","12":"product_tag-hediyelik-bos-kutu","14":"first","15":"instock","16":"taxable","17":"shipping-taxable","18":"product-type-simple"},"_links":{"self":[{"href":"https:\/\/toptanhediyekutu.com\/index.php?rest_route=\/wp\/v2\/product\/4628","targetHints":{"allow":["GET"]}}],"collection":[{"href":"https:\/\/toptanhediyekutu.com\/index.php?rest_route=\/wp\/v2\/product"}],"about":[{"href":"https:\/\/toptanhediyekutu.com\/index.php?rest_route=\/wp\/v2\/types\/product"}],"version-history":[{"count":2,"href":"https:\/\/toptanhediyekutu.com\/index.php?rest_route=\/wp\/v2\/product\/4628\/revisions"}],"predecessor-version":[{"id":6273,"href":"https:\/\/toptanhediyekutu.com\/index.php?rest_route=\/wp\/v2\/product\/4628\/revisions\/6273"}],"wp:featuredmedia":[{"embeddable":true,"href":"https:\/\/toptanhediyekutu.com\/index.php?rest_route=\/wp\/v2\/media\/4615"}],"wp:attachment":[{"href":"https:\/\/toptanhediyekutu.com\/index.php?rest_route=%2Fwp%2Fv2%2Fmedia&parent=4628"}],"wp:term":[{"taxonomy":"product_brand","embeddable":true,"href":"https:\/\/toptanhediyekutu.com\/index.php?rest_route=%2Fwp%2Fv2%2Fproduct_brand&post=4628"},{"taxonomy":"product_cat","embeddable":true,"href":"https:\/\/toptanhediyekutu.com\/index.php?rest_route=%2Fwp%2Fv2%2Fproduct_cat&post=4628"},{"taxonomy":"product_tag","embeddable":true,"href":"https:\/\/toptanhediyekutu.com\/index.php?rest_route=%2Fwp%2Fv2%2Fproduct_tag&post=4628"}],"curies":[{"name":"wp","href":"https:\/\/api.w.org\/{rel}","templated":true}]}}