{"id":4614,"date":"2023-02-18T19:02:01","date_gmt":"2023-02-18T16:02:01","guid":{"rendered":"https:\/\/lavenderblush-sheep-125930.hostingersite.com\/?post_type=product&#038;p=4614"},"modified":"2024-11-21T21:31:10","modified_gmt":"2024-11-21T18:31:10","slug":"hediye-kutu-ebat-30-30-9-cm","status":"publish","type":"product","link":"https:\/\/toptanhediyekutu.com\/?product=hediye-kutu-ebat-30-30-9-cm","title":{"rendered":"Hediye Kutusu Ebat :30\/30\/9 cm"},"content":{"rendered":"<p>Hediye Kutu Ebat : 30\/30\/9 cm<\/p>\n<p>Hediye Kutu Kutu Kapak Model Ebat : 30\/30\/9 cm<\/p>\n<p>Hediye Kutusu Bo\u015f Ag\u0131rl\u0131k 540 Gr<\/p>\n<p>Hediyelerinizi Yada \u00dcr\u00fcnlerinizin<\/p>\n<p>Sunumunlar\u0131na Deger \u00dcst\u00fcne Deger Katman\u0131z\u0131 Saglayacak Profesyonel Lux Hediye Kutular\u0131<\/p>\n<p>Hediye Kutusu \u0130le Hediyelerinizi \u00d6zelle\u015ftirin G\u00fczelle\u015ftirin<\/p>\n<p>Hediyelerinize G\u00fczellik Katan Hediye Kutular\u0131<\/p>\n<p>Hediyeleri \u00d6zel Hediye Kutular\u0131ndan Sunmaya Ne Dersiniz<\/p>\n<p>\u00dcretimde Kullan\u0131lan Malzeme : 2 mm Sert Kal\u0131n Premium Lux Mukavava + 140 Gr Fantazi Lux Kag\u0131t<\/p>\n<p>\u00dcretim A\u015famas\u0131 : 2 mm Sert Lux Mukavava \u00dczeri Fantazi Lux Kag\u0131t S\u0131vama Usulu \u0130le El \u0130\u015f\u00e7igigi \u0130le \u00dcretilmi\u015ftir<\/p>\n<p>(Tamam\u0131 \u0130le Yerli \u00dcretim : Madde \u0130n T\u00fcrkiye )<br \/>\nTeslimat \u015eekli :<\/p>\n<p>\u00dcretilen \u00d6zel \u015eipari\u015fler \u0130stanbul \u0130\u00e7i Nakl\u0131ye \u0130le Teslim Edilir ( Nakl\u0131ye \u00dc\u00e7reti Al\u0131c\u0131ya Aittir )<br \/>\nYada<br \/>\nAnlasmal\u0131 Oldugumuz Surat Kargo \u0130le Adresinize Tesl\u0131m Edilir ( Kargo \u00dc\u00e7ret\u0131 Al\u0131c\u0131ya Aittir )<\/p>\n<p>G\u00fcn \u0130\u00e7inde Tesl\u0131m Olmas\u0131 \u0130stenen \u015eipari\u015flerinizi Kurye G\u00f6ndererek D\u00fckkan\u0131m\u0131zdan Ald\u0131rabilirsiniz Kurye \u00dc\u00e7reti Al\u0131c\u0131ya Aittir<\/p>\n<p>Not 1 : 30 Adet Ve Dahada Fazla Al\u0131m Yap\u0131lacak \u0130se Toptan Fiyat Talep Etmelisiniz<\/p>\n<p>Not 2 : 150 Adet Ve \u00dczeri \u015eipari\u015fler Logo Bask\u0131l\u0131 \u00dcretim Yap\u0131l\u0131r ( Toptan Fiyat \u0130steyebilirsiniz )<\/p>\n<p>Not 3 : \u0130stenen Farkl\u0131 Ebatlarda \u00dcRET\u0130L\u0130R<\/p>\n<p>Not 4 : Sizin Talep Ettiginiz Renklerde \u00dcRET\u0130LEB\u0130L\u0130R<\/p>\n<p>NOT 5 : En H\u0131zl\u0131 Satan Modellerden Stok Olab\u0131l\u0131r Bilgi Almal\u0131s\u0131n\u0131z<\/p>\n<p>Elbette Size \u00d6zel Hediye Projelerinize Sizin Belirlediginiz Ebatlarda Sizin \u0130stediginiz Renklerde Hediye Kutusu \u00dcRETEL\u0130M M\u0130<\/p>\n<p>Kullan\u0131lan Malzeme : 2 MM L\u00fcx Sert Kal\u0131n Mukavva \u00dczeri Taslama Usul\u00fc \u00dczeri L\u00fcx Fantazi Kag\u0131t S\u0131vama Kaplama )<\/p>\n<p>(Tamam\u0131 \u0130le Yerli \u00dcretim : Madde \u0130n T\u00fcrkiye )<\/p>\n<p>NOT 6 : En H\u0131zl\u0131 Satan Modellerden Stok Olab\u0131l\u0131r Bilgi Almal\u0131s\u0131n\u0131z<\/p>\n<p>NOT 7 : Size \u00d6zel Ebatlarda Da Hediye Kutu \u00dcretelim mi ?<\/p>\n<p>\u015eat\u0131\u015f\u0131n\u0131 Yapt\u0131g\u0131n\u0131z \u00dcr\u00fcnleri Daha G\u00fczel Daha Lux Daha Kaliteli \u015eekilde M\u00fc\u015fterilerinize \u00dcr\u00fcnlerinizi<br \/>\nSunmak \u0130stermisiniz<\/p>\n<p>Magzan\u0131za Gelen M\u00fcsterilerinize Farkl\u0131 Renklerde Degi\u015fik Ebatlarda Bo\u015f Hediye Kutusunu<br \/>\nSunarak Kazan\u00e7 Saglamak \u0130stermisiniz<\/p>\n<p>D\u00fckkan Telefon Numaram\u0131z : 0 212 531 70 58<\/p>\n<p>\u0130stanbul F\u0131nd\u0131kzade de ki Magzam\u0131zdan \u015eipari\u015fleriniz Tesl\u0131m Alabilir Yada Ald\u0131rab\u0131l\u0131rs\u0131n\u0131z<br \/>\nYada Adresinize Kargo \u0130le G\u00f6nderebiliriz<\/p>\n<p>\u00dcr\u00fcnlerinizi Dahada G\u00fczel Sunmaya Ne Dersiniz<br \/>\nHediyelerinize \u00d6zel Hediye Kutular\u0131<\/p>\n<p>Not Avrupan\u0131n Her Yerine Kargo \u0130le G\u00f6nderiyoruz Kargo \u00dc\u00e7reti Al\u0131c\u0131ya Aittir<\/p>\n<p>Hediye Kutu Teslimat : Kargo \u0130le Yada D\u00fckkan\u0131m\u0131zdan Tesl\u0131m Alabilirsiniz Kargo \u00dc\u00e7reti Al\u0131c\u0131ya Aittir<br \/>\nToptan \u015eipari\u015fleriniz Ara\u00e7 Kurye \u0130le G\u00f6nderilir Ara\u00e7 Nakliye \u00dc\u00e7reti Al\u0131c\u0131ya Aittir<\/p>\n<p>\u0130stanbul \u0130\u00e7i Motor Kurye Yonlendiriseniz Sipari\u015finiz Motor Kuryeye Teslim Edilerek Sipari\u015finiz Size Ulas\u0131r Kurye \u00dc\u00e7reti Al\u0131c\u0131ya Aittir Bilginize<\/p>\n<p>Sipari\u015fleriniz Fatih Kaya \u0130le WhatsApp Tan Online Bilgi Alab\u0131l\u0131rs\u0131n\u0131z<\/p>\n<p>Farkl\u0131 Projelerinizde Kullanmak \u0130steyeceg\u0131n\u0131z \u00d6zel L\u00fcx Hediye Kutular\u0131<br \/>\n\u2014\u2014\u2014\u2014\u2014\u2014\u2014\u2014\u2014\u2014\u2014\u2014-<br \/>\nToptan Fiyat Teklif \u0130stemelisiniz<br \/>\n\u2014\u2014\u2014\u2014\u2014\u2014\u2014\u2014\u2014\u2014\u2014\u2014-<br \/>\n100 Adet Teklif<br \/>\n\u2014\u2014\u2014\u2014\u2014\u2014\u2014\u2014\u2014-<br \/>\n250 Adet Teklif<\/p>\n","protected":false},"excerpt":{"rendered":"<p>https:\/\/youtube.com\/shorts\/s0tZwyn9lTA?feature=share<\/p>\n<p>Hediye Kutu Ebat : 30\/30\/9 cm<\/p>\n<p>Hediye Kutu Kutu Kapak Model Ebat : 30\/30\/9 cm<\/p>\n<p>Hediye Kutusu Bo\u015f Ag\u0131rl\u0131k 540 Gr<\/p>\n<p>Hediyelerinizi Yada \u00dcr\u00fcnlerinizin<\/p>\n<p>Sunumunlar\u0131na Deger \u00dcst\u00fcne Deger Katman\u0131z\u0131 Saglayacak Profesyonel Lux Hediye Kutular\u0131<\/p>\n<p>Hediye Kutusu \u0130le Hediyelerinizi \u00d6zelle\u015ftirin G\u00fczelle\u015ftirin<\/p>\n<p>Hediyelerinize G\u00fczellik Katan Hediye Kutular\u0131<\/p>\n<p>Hediyeleri \u00d6zel Hediye Kutular\u0131ndan Sunmaya Ne Dersiniz<\/p>\n<p>\u00dcretimde Kullan\u0131lan Malzeme : 2 mm Sert Kal\u0131n Premium Lux Mukavava + 140 Gr Fantazi Lux Kag\u0131t<\/p>\n<p>\u00dcretim A\u015famas\u0131 : 2 mm Sert Lux Mukavava \u00dczeri Fantazi Lux Kag\u0131t S\u0131vama Usulu \u0130le El \u0130\u015f\u00e7igigi \u0130le \u00dcretilmi\u015ftir<\/p>\n<p>(Tamam\u0131 \u0130le Yerli \u00dcretim : Madde \u0130n T\u00fcrkiye )<\/p>\n","protected":false},"featured_media":4621,"template":"","meta":{"_joinchat":[]},"product_brand":[],"product_cat":[15],"product_tag":[500,867,472,476,868,252,869,287],"class_list":{"0":"post-4614","1":"product","2":"type-product","3":"status-publish","4":"has-post-thumbnail","6":"product_cat-hediye-kutu","7":"product_tag-bos-hediye-kutusu-nereden-alinir","8":"product_tag-bos-metal-cikolata-kutusu","9":"product_tag-hediye-kutusu-hazirlama","10":"product_tag-hediye-kutusu-kucuk","11":"product_tag-hediye-paketi-nerede-yaptirilir","12":"product_tag-konsept-hediye-kutusu","13":"product_tag-sevgiliye-bos-hediye-kutusu","14":"product_tag-siyah-hediye-kutusu","16":"first","17":"instock","18":"taxable","19":"shipping-taxable","20":"product-type-simple"},"_links":{"self":[{"href":"https:\/\/toptanhediyekutu.com\/index.php?rest_route=\/wp\/v2\/product\/4614","targetHints":{"allow":["GET"]}}],"collection":[{"href":"https:\/\/toptanhediyekutu.com\/index.php?rest_route=\/wp\/v2\/product"}],"about":[{"href":"https:\/\/toptanhediyekutu.com\/index.php?rest_route=\/wp\/v2\/types\/product"}],"version-history":[{"count":2,"href":"https:\/\/toptanhediyekutu.com\/index.php?rest_route=\/wp\/v2\/product\/4614\/revisions"}],"predecessor-version":[{"id":6254,"href":"https:\/\/toptanhediyekutu.com\/index.php?rest_route=\/wp\/v2\/product\/4614\/revisions\/6254"}],"wp:featuredmedia":[{"embeddable":true,"href":"https:\/\/toptanhediyekutu.com\/index.php?rest_route=\/wp\/v2\/media\/4621"}],"wp:attachment":[{"href":"https:\/\/toptanhediyekutu.com\/index.php?rest_route=%2Fwp%2Fv2%2Fmedia&parent=4614"}],"wp:term":[{"taxonomy":"product_brand","embeddable":true,"href":"https:\/\/toptanhediyekutu.com\/index.php?rest_route=%2Fwp%2Fv2%2Fproduct_brand&post=4614"},{"taxonomy":"product_cat","embeddable":true,"href":"https:\/\/toptanhediyekutu.com\/index.php?rest_route=%2Fwp%2Fv2%2Fproduct_cat&post=4614"},{"taxonomy":"product_tag","embeddable":true,"href":"https:\/\/toptanhediyekutu.com\/index.php?rest_route=%2Fwp%2Fv2%2Fproduct_tag&post=4614"}],"curies":[{"name":"wp","href":"https:\/\/api.w.org\/{rel}","templated":true}]}}