{"id":4575,"date":"2023-02-16T16:14:28","date_gmt":"2023-02-16T13:14:28","guid":{"rendered":"https:\/\/lavenderblush-sheep-125930.hostingersite.com\/?post_type=product&#038;p=4575"},"modified":"2024-11-21T18:52:00","modified_gmt":"2024-11-21T15:52:00","slug":"6-bolmeli-hediye-kutu-ebat-30-20-9-5-cm","status":"publish","type":"product","link":"https:\/\/toptanhediyekutu.com\/?product=6-bolmeli-hediye-kutu-ebat-30-20-9-5-cm","title":{"rendered":"Hediye Kutusu Ebat:30\/20\/9.5 cm"},"content":{"rendered":"<p>6 B\u00f6lmeli Hediye Kutu Ebat 30\/20\/9.5 cm<\/p>\n<p>Not : Her Bolme Ebat\u0131 :10\/10\/8cm<\/p>\n<p>Hediye Kutusu Bo\u015f Ag\u0131rl\u0131k 610 Gr<\/p>\n<p>Hediyelerinizi Yada \u00dcr\u00fcnlerinizin<\/p>\n<p>Sunumunlar\u0131na Deger \u00dcst\u00fcne Deger Katman\u0131z\u0131 Saglayacak Profesyonel Lux Hediye Kutular\u0131<\/p>\n<p>Hediye Kutusu \u0130le Hediyelerinizi \u00d6zelle\u015ftirin G\u00fczelle\u015ftirin<\/p>\n<p>Hediyelerinize G\u00fczellik Katan Hediye Kutular\u0131<\/p>\n<p>Hediyeleri \u00d6zel Hediye Kutular\u0131ndan Sunmaya Ne Dersiniz<\/p>\n<p>\u00dcretimde Kullan\u0131lan Malzeme : 2 mm Sert Kal\u0131n Premium Lux Mukavava + 140 Gr Fantazi Lux Kag\u0131t<\/p>\n<p>\u00dcretim A\u015famas\u0131 : 2 mm Sert Lux Mukavava \u00dczeri Fantazi Lux Kag\u0131t S\u0131vama Usulu \u0130le El \u0130\u015f\u00e7igigi \u0130le \u00dcretilmi\u015ftir<\/p>\n<p>(Tamam\u0131 \u0130le Yerli \u00dcretim : Madde \u0130n T\u00fcrkiye )<br \/>\nTeslimat \u015eekli :<\/p>\n<p>\u00dcretilen \u00d6zel \u015eipari\u015fler \u0130stanbul \u0130\u00e7i Nakl\u0131ye \u0130le Teslim Edilir ( Nakl\u0131ye \u00dc\u00e7reti Al\u0131c\u0131ya Aittir )<br \/>\nYada<br \/>\nAnlasmal\u0131 Oldugumuz Surat Kargo \u0130le Adresinize Tesl\u0131m Edilir ( Kargo \u00dc\u00e7ret\u0131 Al\u0131c\u0131ya Aittir )<\/p>\n<p>G\u00fcn \u0130\u00e7inde Tesl\u0131m Olmas\u0131 \u0130stenen \u015eipari\u015flerinizi Kurye G\u00f6ndererek D\u00fckkan\u0131m\u0131zdan Ald\u0131rabilirsiniz Kurye \u00dc\u00e7reti Al\u0131c\u0131ya Aittir<\/p>\n<p>Not 1 : 30 Adet Ve Dahada Fazla Al\u0131m Yap\u0131lacak \u0130se Toptan Fiyat Talep Etmelisiniz<\/p>\n<p>Not 2 : 150 Adet Ve \u00dczeri \u015eipari\u015fler Logo Bask\u0131l\u0131 \u00dcretim Yap\u0131l\u0131r ( Toptan Fiyat \u0130steyebilirsiniz )<\/p>\n<p>Not 3 : \u0130stenen Farkl\u0131 Ebatlarda \u00dcRET\u0130L\u0130R<\/p>\n<p>Not 4 : Sizin Talep Ettiginiz Renklerde \u00dcRET\u0130LEB\u0130L\u0130R<\/p>\n<p>NOT 5 : En H\u0131zl\u0131 Satan Modellerden Stok Olab\u0131l\u0131r Bilgi Almal\u0131s\u0131n\u0131z<\/p>\n<p>Elbette Size \u00d6zel Hediye Projelerinize Sizin Belirlediginiz Ebatlarda Sizin \u0130stediginiz Renklerde Hediye Kutusu \u00dcRETEL\u0130M M\u0130<\/p>\n<p>Kullan\u0131lan Malzeme : 2 MM L\u00fcx Sert Kal\u0131n Mukavva \u00dczeri Taslama Usul\u00fc \u00dczeri L\u00fcx Fantazi Kag\u0131t S\u0131vama Kaplama )<\/p>\n<p>(Tamam\u0131 \u0130le Yerli \u00dcretim : Madde \u0130n T\u00fcrkiye )<\/p>\n<p>NOT 6 : En H\u0131zl\u0131 Satan Modellerden Stok Olab\u0131l\u0131r Bilgi Almal\u0131s\u0131n\u0131z<\/p>\n<p>NOT 7 : Size \u00d6zel Ebatlarda Da Hediye Kutu \u00dcretelim mi ?<\/p>\n<p>\u015eat\u0131\u015f\u0131n\u0131 Yapt\u0131g\u0131n\u0131z \u00dcr\u00fcnleri Daha G\u00fczel Daha Lux Daha Kaliteli \u015eekilde M\u00fc\u015fterilerinize \u00dcr\u00fcnlerinizi<br \/>\nSunmak \u0130stermisiniz<\/p>\n<p>Magzan\u0131za Gelen M\u00fcsterilerinize Farkl\u0131 Renklerde Degi\u015fik Ebatlarda Bo\u015f Hediye Kutusunu<br \/>\nSunarak Kazan\u00e7 Saglamak \u0130stermisiniz<\/p>\n<p>D\u00fckkan Telefon Numaram\u0131z : 0 212 531 70 58<\/p>\n<p>\u0130stanbul F\u0131nd\u0131kzade de ki Magzam\u0131zdan \u015eipari\u015fleriniz Tesl\u0131m Alabilir Yada Ald\u0131rab\u0131l\u0131rs\u0131n\u0131z<br \/>\nYada Adresinize Kargo \u0130le G\u00f6nderebiliriz<\/p>\n<p>\u00dcr\u00fcnlerinizi Dahada G\u00fczel Sunmaya Ne Dersiniz<br \/>\nHediyelerinize \u00d6zel Hediye Kutular\u0131<\/p>\n<p>Not Avrupan\u0131n Her Yerine Kargo \u0130le G\u00f6nderiyoruz Kargo \u00dc\u00e7reti Al\u0131c\u0131ya Aittir<\/p>\n<p>Hediye Kutu Teslimat : Kargo \u0130le Yada D\u00fckkan\u0131m\u0131zdan Tesl\u0131m Alabilirsiniz Kargo \u00dc\u00e7reti Al\u0131c\u0131ya Aittir<br \/>\nToptan \u015eipari\u015fleriniz Ara\u00e7 Kurye \u0130le G\u00f6nderilir Ara\u00e7 Nakliye \u00dc\u00e7reti Al\u0131c\u0131ya Aittir<\/p>\n<p>\u0130stanbul \u0130\u00e7i Motor Kurye Yonlendiriseniz Sipari\u015finiz Motor Kuryeye Teslim Edilerek Sipari\u015finiz Size Ulas\u0131r Kurye \u00dc\u00e7reti Al\u0131c\u0131ya Aittir Bilginize<\/p>\n<p>Sipari\u015fleriniz Fatih Kaya \u0130le WhatsApp Tan Online Bilgi Alab\u0131l\u0131rs\u0131n\u0131z<\/p>\n<p>Farkl\u0131 Projelerinizde Kullanmak \u0130steyeceg\u0131n\u0131z \u00d6zel L\u00fcx Hediye Kutular\u0131<br \/>\n\u2014\u2014\u2014\u2014\u2014\u2014\u2014\u2014\u2014\u2014\u2014\u2014-<br \/>\nToptan Fiyat Teklif \u0130stemelisiniz<br \/>\n\u2014\u2014\u2014\u2014\u2014\u2014\u2014\u2014\u2014\u2014\u2014\u2014-<br \/>\n100 Adet Teklif<br \/>\n\u2014\u2014\u2014\u2014\u2014\u2014\u2014\u2014\u2014-<br \/>\n250 Adet Teklif<\/p>\n","protected":false},"excerpt":{"rendered":"<p>https:\/\/youtube.com\/shorts\/1mWSMU-KHa8?feature=share<\/p>\n<p>6 B\u00f6lmeli Hediye Kutu Ebat 30\/20\/9.5 cm<\/p>\n<p>Not : Her Bolme Ebat\u0131 :10\/10\/8cm<\/p>\n<p>Hediye Kutusu Bo\u015f Ag\u0131rl\u0131k 610 Gr<\/p>\n<p>Hediyelerinizi Yada \u00dcr\u00fcnlerinizin<\/p>\n<p>Sunumunlar\u0131na Deger \u00dcst\u00fcne Deger Katman\u0131z\u0131 Saglayacak Profesyonel Lux Hediye Kutular\u0131<\/p>\n<p>Hediye Kutusu \u0130le Hediyelerinizi \u00d6zelle\u015ftirin G\u00fczelle\u015ftirin<\/p>\n<p>Hediyelerinize G\u00fczellik Katan Hediye Kutular\u0131<\/p>\n<p>Hediyeleri \u00d6zel Hediye Kutular\u0131ndan Sunmaya Ne Dersiniz<\/p>\n","protected":false},"featured_media":4580,"template":"","meta":{"_joinchat":[]},"product_brand":[],"product_cat":[1397,1395,594],"product_tag":[748,746,732,538,736,737,744,758,735,745,731,733,741,742,759,763,760,762,761,729,764,734,542,740,738,730,749,743,747,739],"class_list":{"0":"post-4575","1":"product","2":"type-product","3":"status-publish","4":"has-post-thumbnail","6":"product_cat-cicek-kutusu","7":"product_cat-cikolata-hediye-kutulari","8":"product_cat-dikdortgen-hediye-kutulari","9":"product_tag-biblo","10":"product_tag-cakmak","11":"product_tag-canta","12":"product_tag-cuzdan","13":"product_tag-defter","14":"product_tag-gitar","15":"product_tag-gomlek","16":"product_tag-herden-alinir","17":"product_tag-kalem","18":"product_tag-kitap","19":"product_tag-kolye","20":"product_tag-kupa","21":"product_tag-kupe","22":"product_tag-lamba","23":"product_tag-nasil-alinir","24":"product_tag-nasil-hazirlanir","25":"product_tag-nasil-yapilir","26":"product_tag-nasil-yapiliyor","27":"product_tag-nerede-bulunur","28":"product_tag-parfum","29":"product_tag-pikap","30":"product_tag-saat","31":"product_tag-sapka","32":"product_tag-sehpa","33":"product_tag-tablo","34":"product_tag-termos","35":"product_tag-tesbih","36":"product_tag-tisort","37":"product_tag-valiz","38":"product_tag-yastik","40":"first","41":"outofstock","42":"taxable","43":"shipping-taxable","44":"product-type-simple"},"_links":{"self":[{"href":"https:\/\/toptanhediyekutu.com\/index.php?rest_route=\/wp\/v2\/product\/4575","targetHints":{"allow":["GET"]}}],"collection":[{"href":"https:\/\/toptanhediyekutu.com\/index.php?rest_route=\/wp\/v2\/product"}],"about":[{"href":"https:\/\/toptanhediyekutu.com\/index.php?rest_route=\/wp\/v2\/types\/product"}],"version-history":[{"count":2,"href":"https:\/\/toptanhediyekutu.com\/index.php?rest_route=\/wp\/v2\/product\/4575\/revisions"}],"predecessor-version":[{"id":6601,"href":"https:\/\/toptanhediyekutu.com\/index.php?rest_route=\/wp\/v2\/product\/4575\/revisions\/6601"}],"wp:featuredmedia":[{"embeddable":true,"href":"https:\/\/toptanhediyekutu.com\/index.php?rest_route=\/wp\/v2\/media\/4580"}],"wp:attachment":[{"href":"https:\/\/toptanhediyekutu.com\/index.php?rest_route=%2Fwp%2Fv2%2Fmedia&parent=4575"}],"wp:term":[{"taxonomy":"product_brand","embeddable":true,"href":"https:\/\/toptanhediyekutu.com\/index.php?rest_route=%2Fwp%2Fv2%2Fproduct_brand&post=4575"},{"taxonomy":"product_cat","embeddable":true,"href":"https:\/\/toptanhediyekutu.com\/index.php?rest_route=%2Fwp%2Fv2%2Fproduct_cat&post=4575"},{"taxonomy":"product_tag","embeddable":true,"href":"https:\/\/toptanhediyekutu.com\/index.php?rest_route=%2Fwp%2Fv2%2Fproduct_tag&post=4575"}],"curies":[{"name":"wp","href":"https:\/\/api.w.org\/{rel}","templated":true}]}}