{"id":4563,"date":"2023-02-16T00:10:17","date_gmt":"2023-02-15T21:10:17","guid":{"rendered":"https:\/\/lavenderblush-sheep-125930.hostingersite.com\/?post_type=product&#038;p=4563"},"modified":"2025-07-21T16:47:53","modified_gmt":"2025-07-21T13:47:53","slug":"hediye-kutu-ebat-35-25-12-cm-2","status":"publish","type":"product","link":"https:\/\/toptanhediyekutu.com\/?product=hediye-kutu-ebat-35-25-12-cm-2","title":{"rendered":"Hediye Kutusu Ebat:35\/25\/12 cm"},"content":{"rendered":"<p>Hediye Kutu Ebat 35\/25\/12 cm<\/p>\n<p>Hediye Kutusu Bo\u015f Ag\u0131rl\u0131k 625 Gr<\/p>\n<p>Hediyelerinizi Yada \u00dcr\u00fcnlerinizin<\/p>\n<p>Sunumunuza Deger \u00dcst\u00fcne Deger Katman\u0131z\u0131 Saglayacak Profesyonel Lux Hediye Kutular\u0131<\/p>\n<p>Hediye Kutusu \u0130le Hediyelerinizi \u00d6zelle\u015ftirin G\u00fczelle\u015ftirin<\/p>\n<p>Hediyelerinize G\u00fczellik Katan Hediye Kutular\u0131<\/p>\n<p>Hediyeleri \u00d6zel Hediye Kutular\u0131ndan Sunmaya Ne Dersiniz<\/p>\n","protected":false},"excerpt":{"rendered":"<p>https:\/\/youtube.com\/shorts\/CbVXhil2JcI?feature=share<\/p>\n<p>Hediye Kutu Ebat 35\/25\/12 cm<\/p>\n<p>Hediye Kutusu Bo\u015f Ag\u0131rl\u0131k 625 Gr<\/p>\n<p>Hediyelerinizi Yada \u00dcr\u00fcnlerinizin<\/p>\n<p>Sunumunuza Deger \u00dcst\u00fcne Deger Katman\u0131z\u0131 Saglayacak Profesyonel Lux Hediye Kutular\u0131<\/p>\n<p>Hediye Kutusu \u0130le Hediyelerinizi \u00d6zelle\u015ftirin G\u00fczelle\u015ftirin<\/p>\n<p>Hediyelerinize G\u00fczellik Katan Hediye Kutular\u0131<\/p>\n<p>Hediyeleri \u00d6zel Hediye Kutular\u0131ndan Sunmaya Ne Dersiniz<\/p>\n","protected":false},"featured_media":4547,"template":"","meta":{"_joinchat":[]},"product_brand":[],"product_cat":[594],"product_tag":[81,720,500,721,366,723,722,724],"class_list":{"0":"post-4563","1":"product","2":"type-product","3":"status-publish","4":"has-post-thumbnail","6":"product_cat-dikdortgen-hediye-kutulari","7":"product_tag-bos-hediye-kutusu","8":"product_tag-bos-hediye-kutusu-buyuk-boy","9":"product_tag-bos-hediye-kutusu-nereden-alinir","10":"product_tag-erkege-hediye-kutusu-hazirlama","11":"product_tag-kraft-hediye-kutusu-toptan","12":"product_tag-kraft-hediye-paketi","13":"product_tag-kraft-kutu","14":"product_tag-ucuz-toptan-hediye-kutusu-toptan-hediye-kutusu","16":"first","17":"outofstock","18":"taxable","19":"shipping-taxable","20":"product-type-simple"},"_links":{"self":[{"href":"https:\/\/toptanhediyekutu.com\/index.php?rest_route=\/wp\/v2\/product\/4563","targetHints":{"allow":["GET"]}}],"collection":[{"href":"https:\/\/toptanhediyekutu.com\/index.php?rest_route=\/wp\/v2\/product"}],"about":[{"href":"https:\/\/toptanhediyekutu.com\/index.php?rest_route=\/wp\/v2\/types\/product"}],"version-history":[{"count":3,"href":"https:\/\/toptanhediyekutu.com\/index.php?rest_route=\/wp\/v2\/product\/4563\/revisions"}],"predecessor-version":[{"id":6579,"href":"https:\/\/toptanhediyekutu.com\/index.php?rest_route=\/wp\/v2\/product\/4563\/revisions\/6579"}],"wp:featuredmedia":[{"embeddable":true,"href":"https:\/\/toptanhediyekutu.com\/index.php?rest_route=\/wp\/v2\/media\/4547"}],"wp:attachment":[{"href":"https:\/\/toptanhediyekutu.com\/index.php?rest_route=%2Fwp%2Fv2%2Fmedia&parent=4563"}],"wp:term":[{"taxonomy":"product_brand","embeddable":true,"href":"https:\/\/toptanhediyekutu.com\/index.php?rest_route=%2Fwp%2Fv2%2Fproduct_brand&post=4563"},{"taxonomy":"product_cat","embeddable":true,"href":"https:\/\/toptanhediyekutu.com\/index.php?rest_route=%2Fwp%2Fv2%2Fproduct_cat&post=4563"},{"taxonomy":"product_tag","embeddable":true,"href":"https:\/\/toptanhediyekutu.com\/index.php?rest_route=%2Fwp%2Fv2%2Fproduct_tag&post=4563"}],"curies":[{"name":"wp","href":"https:\/\/api.w.org\/{rel}","templated":true}]}}