{"id":4534,"date":"2023-02-15T18:23:21","date_gmt":"2023-02-15T15:23:21","guid":{"rendered":"https:\/\/lavenderblush-sheep-125930.hostingersite.com\/?post_type=product&#038;p=4534"},"modified":"2024-11-21T20:28:40","modified_gmt":"2024-11-21T17:28:40","slug":"2-bolmeli-hediye-kutusu-ebat-30-30-9-cm-4","status":"publish","type":"product","link":"https:\/\/toptanhediyekutu.com\/?product=2-bolmeli-hediye-kutusu-ebat-30-30-9-cm-4","title":{"rendered":"Hediye Kutusu Ebat :30\/30\/9 cm"},"content":{"rendered":"<p>2 B\u00f6lmeli Hediye Kutusu Ebat 30\/30\/9 cm<br \/>\nNot : Her Bolme Ebat 15\/15\/8 cm<br \/>\nHediye Kutusu Bo\u015f Ag\u0131rl\u0131k 550 Gr<\/p>\n<p>Hediye Kutusu \u0130le Hediyelerinizi \u00d6zelle\u015ftirin G\u00fczelle\u015ftirin<\/p>\n<p>Hediyelerinize G\u00fczellik Katan Hediye Kutular\u0131<\/p>\n<p>Hediyeleri \u00d6zel Hediye Kutular\u0131ndan Sunmaya Ne Dersiniz<\/p>\n<p>Hediyelerinizi Yada \u00dcr\u00fcnlerinizin<\/p>\n<p>Sunumunuza Deger \u00dcst\u00fcne Deger Katman\u0131z\u0131 Saglayacak Profesyonel Lux Hediye Kutular\u0131<\/p>\n<p>&nbsp;<\/p>\n<p>\u00dcretimde Kullan\u0131lan Malzeme : 2 mm Sert Kal\u0131n Premium Lux Mukavava + 140 Gr Fantazi Lux Kag\u0131t<\/p>\n<p>\u00dcretim A\u015famas\u0131 : 2 mm Sert Lux Mukavava \u00dczeri Fantazi Lux Kag\u0131t S\u0131vama Usulu \u0130le El \u0130\u015f\u00e7igigi \u0130le \u00dcretilmi\u015ftir<\/p>\n<p>(Tamam\u0131 \u0130le Yerli \u00dcretim : Madde \u0130n T\u00fcrkiye )<\/p>\n","protected":false},"excerpt":{"rendered":"<p>2 B\u00f6lmeli Hediye Kutusu Ebat 30\/30\/9 cm<br \/>\nNot : Her Bolme Ebat 15\/15\/8 cm<br \/>\nHediye Kutusu Bo\u015f Ag\u0131rl\u0131k 550 Gr<\/p>\n<p>Hediye Kutusu \u0130le Hediyelerinizi \u00d6zelle\u015ftirin G\u00fczelle\u015ftirin<\/p>\n<p>Hediyelerinize G\u00fczellik Katan Hediye Kutular\u0131<\/p>\n<p>Hediyeleri \u00d6zel Hediye Kutular\u0131ndan Sunmaya Ne Dersiniz<\/p>\n<p>Hediyelerinizi Yada \u00dcr\u00fcnlerinizin<\/p>\n<p>Sunumunuza Deger \u00dcst\u00fcne Deger Katman\u0131z\u0131 Saglayacak Profesyonel Lux Hediye Kutular\u0131<\/p>\n<p>&nbsp;<\/p>\n<p>\u00dcretimde Kullan\u0131lan Malzeme : 2 mm Sert Kal\u0131n Premium Lux Mukavava + 140 Gr Fantazi Lux Kag\u0131t<\/p>\n<p>\u00dcretim A\u015famas\u0131 : 2 mm Sert Lux Mukavava \u00dczeri Fantazi Lux Kag\u0131t S\u0131vama Usulu \u0130le El \u0130\u015f\u00e7igigi \u0130le \u00dcretilmi\u015ftir<\/p>\n<p>(Tamam\u0131 \u0130le Yerli \u00dcretim : Madde \u0130n T\u00fcrkiye )<\/p>\n","protected":false},"featured_media":4518,"template":"","meta":{"_joinchat":[]},"product_brand":[],"product_cat":[15],"product_tag":[646,643,648,86,101,644,645,409,647,99],"class_list":{"0":"post-4534","1":"product","2":"type-product","3":"status-publish","4":"has-post-thumbnail","6":"product_cat-hediye-kutu","7":"product_tag-balkon-dekorasyonu","8":"product_tag-candelles","9":"product_tag-duvar-dekorasyonu","10":"product_tag-hediye-kutu","11":"product_tag-hediye-kutu-atolyesi","12":"product_tag-hediyekutusu","13":"product_tag-hediyelikkutu","14":"product_tag-kutucu","15":"product_tag-salon-dekorasyonu","16":"product_tag-toptan-kutu","18":"first","19":"instock","20":"taxable","21":"shipping-taxable","22":"product-type-simple"},"_links":{"self":[{"href":"https:\/\/toptanhediyekutu.com\/index.php?rest_route=\/wp\/v2\/product\/4534","targetHints":{"allow":["GET"]}}],"collection":[{"href":"https:\/\/toptanhediyekutu.com\/index.php?rest_route=\/wp\/v2\/product"}],"about":[{"href":"https:\/\/toptanhediyekutu.com\/index.php?rest_route=\/wp\/v2\/types\/product"}],"version-history":[{"count":2,"href":"https:\/\/toptanhediyekutu.com\/index.php?rest_route=\/wp\/v2\/product\/4534\/revisions"}],"predecessor-version":[{"id":6259,"href":"https:\/\/toptanhediyekutu.com\/index.php?rest_route=\/wp\/v2\/product\/4534\/revisions\/6259"}],"wp:featuredmedia":[{"embeddable":true,"href":"https:\/\/toptanhediyekutu.com\/index.php?rest_route=\/wp\/v2\/media\/4518"}],"wp:attachment":[{"href":"https:\/\/toptanhediyekutu.com\/index.php?rest_route=%2Fwp%2Fv2%2Fmedia&parent=4534"}],"wp:term":[{"taxonomy":"product_brand","embeddable":true,"href":"https:\/\/toptanhediyekutu.com\/index.php?rest_route=%2Fwp%2Fv2%2Fproduct_brand&post=4534"},{"taxonomy":"product_cat","embeddable":true,"href":"https:\/\/toptanhediyekutu.com\/index.php?rest_route=%2Fwp%2Fv2%2Fproduct_cat&post=4534"},{"taxonomy":"product_tag","embeddable":true,"href":"https:\/\/toptanhediyekutu.com\/index.php?rest_route=%2Fwp%2Fv2%2Fproduct_tag&post=4534"}],"curies":[{"name":"wp","href":"https:\/\/api.w.org\/{rel}","templated":true}]}}