{"id":4496,"date":"2023-02-12T22:30:21","date_gmt":"2023-02-12T19:30:21","guid":{"rendered":"https:\/\/lavenderblush-sheep-125930.hostingersite.com\/?post_type=product&#038;p=4496"},"modified":"2024-11-21T19:05:01","modified_gmt":"2024-11-21T16:05:01","slug":"hediye-kutusu-miknatis-kapakli-ebat-28-50-20-5-cm","status":"publish","type":"product","link":"https:\/\/toptanhediyekutu.com\/?product=hediye-kutusu-miknatis-kapakli-ebat-28-50-20-5-cm","title":{"rendered":"Hediye Kutusu Ebat:28.50\/20\/5 cm"},"content":{"rendered":"<p><iframe title=\"\u00c7ikolata Hediye Kutusu Ebat 21\/20\/5 cm\" width=\"1140\" height=\"641\" src=\"https:\/\/www.youtube.com\/embed\/lVi-To7Cyc8?feature=oembed\" frameborder=\"0\" allow=\"accelerometer; autoplay; clipboard-write; encrypted-media; gyroscope; picture-in-picture; web-share\" allowfullscreen><\/iframe><\/p>\n<p>Hediye Kutusu M\u0131knat\u0131s Kapakl\u0131 Ebat 28.50\/20\/5 cm<\/p>\n","protected":false},"excerpt":{"rendered":"<p>https:\/\/youtu.be\/lVi-To7Cyc8<\/p>\n<p>Hediye Kutusu M\u0131knat\u0131s Kapakl\u0131 Ebat 28.50\/20\/5 cm<\/p>\n","protected":false},"featured_media":4318,"template":"","meta":{"_joinchat":[]},"product_brand":[],"product_cat":[594],"product_tag":[80,82,81,86,83,87,609,88,89,71,73,72,610],"class_list":{"0":"post-4496","1":"product","2":"type-product","3":"status-publish","4":"has-post-thumbnail","6":"product_cat-dikdortgen-hediye-kutulari","7":"product_tag-bos-hediye-kutu","8":"product_tag-bos-hediye-kutulari","9":"product_tag-bos-hediye-kutusu","10":"product_tag-hediye-kutu","11":"product_tag-hediye-kutulari","12":"product_tag-hediye-kutusu","13":"product_tag-hediye-kutusu-miknatis-kapakli-ebat-28-50-20-5-cm","14":"product_tag-hediyelik-esya","15":"product_tag-hediyelik-esya-kutusu","16":"product_tag-toptan-bos-hediye-kutu","17":"product_tag-toptan-bos-hediye-kutulari","18":"product_tag-toptan-bos-hediye-kutusu","19":"product_tag-yeniyil","21":"first","22":"outofstock","23":"taxable","24":"shipping-taxable","25":"product-type-simple"},"_links":{"self":[{"href":"https:\/\/toptanhediyekutu.com\/index.php?rest_route=\/wp\/v2\/product\/4496","targetHints":{"allow":["GET"]}}],"collection":[{"href":"https:\/\/toptanhediyekutu.com\/index.php?rest_route=\/wp\/v2\/product"}],"about":[{"href":"https:\/\/toptanhediyekutu.com\/index.php?rest_route=\/wp\/v2\/types\/product"}],"version-history":[{"count":3,"href":"https:\/\/toptanhediyekutu.com\/index.php?rest_route=\/wp\/v2\/product\/4496\/revisions"}],"predecessor-version":[{"id":6527,"href":"https:\/\/toptanhediyekutu.com\/index.php?rest_route=\/wp\/v2\/product\/4496\/revisions\/6527"}],"wp:featuredmedia":[{"embeddable":true,"href":"https:\/\/toptanhediyekutu.com\/index.php?rest_route=\/wp\/v2\/media\/4318"}],"wp:attachment":[{"href":"https:\/\/toptanhediyekutu.com\/index.php?rest_route=%2Fwp%2Fv2%2Fmedia&parent=4496"}],"wp:term":[{"taxonomy":"product_brand","embeddable":true,"href":"https:\/\/toptanhediyekutu.com\/index.php?rest_route=%2Fwp%2Fv2%2Fproduct_brand&post=4496"},{"taxonomy":"product_cat","embeddable":true,"href":"https:\/\/toptanhediyekutu.com\/index.php?rest_route=%2Fwp%2Fv2%2Fproduct_cat&post=4496"},{"taxonomy":"product_tag","embeddable":true,"href":"https:\/\/toptanhediyekutu.com\/index.php?rest_route=%2Fwp%2Fv2%2Fproduct_tag&post=4496"}],"curies":[{"name":"wp","href":"https:\/\/api.w.org\/{rel}","templated":true}]}}