{"id":4492,"date":"2023-02-12T22:11:47","date_gmt":"2023-02-12T19:11:47","guid":{"rendered":"https:\/\/lavenderblush-sheep-125930.hostingersite.com\/?post_type=product&#038;p=4492"},"modified":"2025-01-18T19:07:07","modified_gmt":"2025-01-18T16:07:07","slug":"miknatis-kapak-hediye-kutu-ebat-21-20-5-cm","status":"publish","type":"product","link":"https:\/\/toptanhediyekutu.com\/?product=miknatis-kapak-hediye-kutu-ebat-21-20-5-cm","title":{"rendered":"Hediye Kutusu Ebat:21\/20\/5 cm"},"content":{"rendered":"<p><iframe title=\"M\u0131knat\u0131s Kaoak L\u00fcx Hediye Kutusu Ebat 21\/20\/5 cm\" width=\"1140\" height=\"641\" src=\"https:\/\/www.youtube.com\/embed\/wBMUpd5Bqn4?feature=oembed\" frameborder=\"0\" allow=\"accelerometer; autoplay; clipboard-write; encrypted-media; gyroscope; picture-in-picture; web-share\" referrerpolicy=\"strict-origin-when-cross-origin\" allowfullscreen><\/iframe><\/p>\n<p>M\u0131knat\u0131s Kapak Hediye Kutu Ebat : 21\/20\/5 cm<\/p>\n<p>M\u0131knat\u0131s Kapak Hediye Kutusu Ag\u0131rl\u0131k 305 GR<\/p>\n<p class=\"p1\"><span class=\"s1\"><b>50 Adet Ve \u00dczeri Al\u0131mlarda <\/b><\/span><\/p>\n<p class=\"p1\"><span class=\"s1\"><b>Fatih Kayadan \u00d6zel Toptan Fiyat \u0130stemel\u0131s\u0131n\u0131z <\/b><\/span><\/p>\n<p class=\"p1\"><span class=\"s1\"><b>150 Adet Ve \u00dczeri Al\u0131mlarda Logo Bask\u0131l\u0131 \u00dcretimimiz Vard\u0131r<\/b><\/span><\/p>\n<p class=\"p2\">\n<p class=\"p1\"><span class=\"s1\"><b>Fatih Kaya Onl\u0131ne Bilgi WhatsApp + 90 536 431 72 02 <\/b><\/span><\/p>\n<p class=\"p1\"><span class=\"s1\"><b>Magza : 0 212 531 79 58 <\/b><\/span><\/p>\n","protected":false},"excerpt":{"rendered":"<p>https:\/\/youtube.com\/shorts\/bEYJVXP-A4U?feature=share<\/p>\n<p>M\u0131knat\u0131s Kapak Hediye Kutu Ebat : 21\/20\/5 cm<\/p>\n<p>M\u0131knat\u0131s Kapak Hediye Kutusu Ag\u0131rl\u0131k 305 GR<\/p>\n<p>&nbsp;<\/p>\n","protected":false},"featured_media":4331,"template":"","meta":{"_joinchat":[]},"product_brand":[],"product_cat":[1395,15],"product_tag":[399,402],"class_list":{"0":"post-4492","1":"product","2":"type-product","3":"status-publish","4":"has-post-thumbnail","6":"product_cat-cikolata-hediye-kutulari","7":"product_cat-hediye-kutu","8":"product_tag-cikolata-kutusu","9":"product_tag-toptan-cikolata-kutusu","11":"first","12":"outofstock","13":"taxable","14":"shipping-taxable","15":"product-type-simple"},"_links":{"self":[{"href":"https:\/\/toptanhediyekutu.com\/index.php?rest_route=\/wp\/v2\/product\/4492","targetHints":{"allow":["GET"]}}],"collection":[{"href":"https:\/\/toptanhediyekutu.com\/index.php?rest_route=\/wp\/v2\/product"}],"about":[{"href":"https:\/\/toptanhediyekutu.com\/index.php?rest_route=\/wp\/v2\/types\/product"}],"version-history":[{"count":3,"href":"https:\/\/toptanhediyekutu.com\/index.php?rest_route=\/wp\/v2\/product\/4492\/revisions"}],"predecessor-version":[{"id":7127,"href":"https:\/\/toptanhediyekutu.com\/index.php?rest_route=\/wp\/v2\/product\/4492\/revisions\/7127"}],"wp:featuredmedia":[{"embeddable":true,"href":"https:\/\/toptanhediyekutu.com\/index.php?rest_route=\/wp\/v2\/media\/4331"}],"wp:attachment":[{"href":"https:\/\/toptanhediyekutu.com\/index.php?rest_route=%2Fwp%2Fv2%2Fmedia&parent=4492"}],"wp:term":[{"taxonomy":"product_brand","embeddable":true,"href":"https:\/\/toptanhediyekutu.com\/index.php?rest_route=%2Fwp%2Fv2%2Fproduct_brand&post=4492"},{"taxonomy":"product_cat","embeddable":true,"href":"https:\/\/toptanhediyekutu.com\/index.php?rest_route=%2Fwp%2Fv2%2Fproduct_cat&post=4492"},{"taxonomy":"product_tag","embeddable":true,"href":"https:\/\/toptanhediyekutu.com\/index.php?rest_route=%2Fwp%2Fv2%2Fproduct_tag&post=4492"}],"curies":[{"name":"wp","href":"https:\/\/api.w.org\/{rel}","templated":true}]}}