{"id":4480,"date":"2023-02-12T20:10:20","date_gmt":"2023-02-12T17:10:20","guid":{"rendered":"https:\/\/lavenderblush-sheep-125930.hostingersite.com\/?post_type=product&#038;p=4480"},"modified":"2025-01-18T19:05:41","modified_gmt":"2025-01-18T16:05:41","slug":"kurdelali-cikolata-hediye-kutusu-ebat-28-17-5-cm","status":"publish","type":"product","link":"https:\/\/toptanhediyekutu.com\/?product=kurdelali-cikolata-hediye-kutusu-ebat-28-17-5-cm","title":{"rendered":"Hediye Kutusu Ebat : 28 \/17\/5 cm"},"content":{"rendered":"<p><iframe title=\"\u00c7i\u00e7ek Ve \u00c7ikolata Hediye Kutusu Cook Satan Modelimiz Ebat :28\/17\/5 Cm\" width=\"1140\" height=\"641\" src=\"https:\/\/www.youtube.com\/embed\/qImi61mgsxc?feature=oembed\" frameborder=\"0\" allow=\"accelerometer; autoplay; clipboard-write; encrypted-media; gyroscope; picture-in-picture; web-share\" allowfullscreen><\/iframe><\/p>\n<p>Kurdelal\u0131 \u00c7ikolata Hediye Kutusu Ebat : 28 \/17\/5 cm<\/p>\n<p>Kurdelal\u0131 \u00c7ikolata Hediye Kutusu Bo\u015f \u0130\u00e7i Seprat\u00f6rl\u00fc Ag\u0131rl\u0131k 460 GR<\/p>\n<p>&nbsp;<\/p>\n<p>&nbsp;<\/p>\n<p class=\"p1\"><strong><span class=\"s1\">BU Model\u0131m\u0131z Su An STOK bULUNMUYOR\u00a0 AMA EN AZ \u015e\u0130PAR\u0130\u015e\u0130N\u0130Z 75 ADET \u0130SE \u00dcRET\u0130LEB\u0130L\u0130R<\/span><\/strong><\/p>\n<p class=\"p1\"><strong><span class=\"s1\">vE\u00a0<\/span><\/strong><\/p>\n<p class=\"p1\"><strong><span class=\"s1\">Bu \u00dcR\u00dcN\u00dcM\u00dcZDEN 200 ADET VE \u00dcZER\u0130 ALINACAK \u0130SE \u0130ND\u0130R\u0130ML\u0130 F\u0130YAT TALEP ETMELISINIZ<\/span><\/strong><\/p>\n<p>&nbsp;<\/p>\n<p>Hediyelerinize \u00d6zel Hediye Kutusu Bizden En G\u00fczel Tasar\u0131m Dizayn Sunum Sizden<\/p>\n<p>Hediyeleri Ve \u00dcr\u00fcnlerinizi \u00d6zel Hediye Kutular\u0131ndan Sunmaya Ne Dersiniz<\/p>\n<p>Not:150 Adet Ve \u00dczeri \u015eipari\u015fler Logo Bask\u0131l\u0131 \u00dcretim Yap\u0131l\u0131r ( Toptan Fiyat \u0130steyin )<\/p>\n<p>Elbette Size \u00d6zel Hediye Projelerinize Sizin Belirlediginiz Ebatlarda Sizin \u0130stediginiz Renklerde Hediye Kutusu \u00dcRETEL\u0130M M\u0130<\/p>\n<p>Kullan\u0131lan Malzeme : 2 MM L\u00fcx Sert Kal\u0131n Mukavva \u00dczeri Taslama Usul\u00fc \u00dczeri L\u00fcx Fantazi Kag\u0131t S\u0131vama Kaplama )<\/p>\n<p>(Tamam\u0131 \u0130le Yerli \u00dcretim : Madde \u0130n T\u00fcrkiye )<\/p>\n<p>NOT 1 : En H\u0131zl\u0131 Satan Modellerden Stok Olab\u0131l\u0131r Bilgi Almal\u0131s\u0131n\u0131z<\/p>\n<p>NOT 2 : Sizin \u0130stediginiz Ebatta Ve Renklerde Hediye Kutusu \u00dcRET\u0130L\u0130R<\/p>\n<p>\u015eat\u0131\u015f\u0131n\u0131 Yapt\u0131g\u0131n\u0131z \u00dcr\u00fcnleri Daha G\u00fczel Daha Lux Daha Kaliteli \u015eekilde M\u00fc\u015fterilerinize \u00dcr\u00fcnlerinizi<br \/>\nSunmak \u0130stermisiniz<\/p>\n<p>Magzan\u0131za Gelen M\u00fcsterilerinize Farkl\u0131 Renklerde Degi\u015fik Ebatlarda Bo\u015f Hediye Kutusunu<br \/>\nSunarak Kazan\u00e7 Saglamak \u0130stermisiniz<\/p>\n<p>D\u00fckkan Telefon Numaram\u0131z : 0 212 531 70 58<\/p>\n<p>\u0130stanbul F\u0131nd\u0131kzade de ki Magzam\u0131zdan \u015eipari\u015fleriniz Tesl\u0131m Alabilir Yada Ald\u0131rab\u0131l\u0131rs\u0131n\u0131z<br \/>\nYada Adresinize Kargo \u0130le G\u00f6nderebiliriz<\/p>\n<p>Not Avrupan\u0131n Her Yerine Kargo \u0130le G\u00f6nderiyoruz Kargo \u00dc\u00e7reti Al\u0131c\u0131ya Aittir<\/p>\n<p>Hediye Kutu Teslimat :<\/p>\n<p>Kargo \u0130le Yada D\u00fckkan\u0131m\u0131zdan Tesl\u0131m Alabilirsiniz Kargo \u00dc\u00e7reti Al\u0131c\u0131ya Aittir<br \/>\nToptan \u015eipari\u015fleriniz Ara\u00e7 Kurye \u0130le G\u00f6nderilir Ara\u00e7 Nakliye \u00dc\u00e7reti Al\u0131c\u0131ya Aittir<\/p>\n<p>\u0130stanbul \u0130\u00e7i Motor Kurye Yonlendiriseniz Sipari\u015finiz Motor Kuryeye Teslim Edilerek Sipari\u015finiz Size Ulas\u0131r Kurye \u00dc\u00e7reti Al\u0131c\u0131ya Aittir Bilginize<\/p>\n<p>Sipari\u015fleriniz Fatih Kaya \u0130le WhatsApp Tan Online Bilgi Alab\u0131l\u0131rs\u0131n\u0131z<\/p>\n<p>Farkl\u0131 Projelerinizde Kullanmak \u0130steyeceg\u0131n\u0131z \u00d6zel L\u00fcx Hediye Kutular\u0131<br \/>\n\u2014\u2014\u2014\u2014\u2014\u2014\u2014\u2014\u2014\u2014\u2014\u2014-<br \/>\nToptan Fiyat Teklif \u0130stemelisiniz<br \/>\n\u2014\u2014\u2014\u2014\u2014\u2014\u2014\u2014\u2014\u2014\u2014\u2014-<br \/>\n100 Adet Teklif<br \/>\n\u2014\u2014\u2014\u2014\u2014\u2014\u2014\u2014\u2014-<br \/>\n250 Adet Teklif Yada Daha Fazlas\u0131 \u0130\u00e7in Teklif \u0130stemeliisiniz<\/p>\n","protected":false},"excerpt":{"rendered":"<p>https:\/\/youtube.com\/shorts\/fplQJOBpyJs?feature=share<\/p>\n<p>Kurdelal\u0131 \u00c7ikolata Hediye Kutusu Ebat : 28 \/17\/5 cm<\/p>\n<p>Kurdelal\u0131 \u00c7ikolata Hediye Kutusu Bo\u015f \u0130\u00e7i Seprat\u00f6rl\u00fc Ag\u0131rl\u0131k 460 GR<\/p>\n<p>Hediyelerinize \u00d6zel Hediye Kutusu Bizden En G\u00fczel Tasar\u0131m Dizayn Sunum Sizden<\/p>\n<p>Hediyeleri Ve \u00dcr\u00fcnlerinizi \u00d6zel Hediye Kutular\u0131ndan Sunmaya Ne Dersiniz<\/p>\n<p>Not:150 Adet Ve \u00dczeri \u015eipari\u015fler Logo Bask\u0131l\u0131 \u00dcretim Yap\u0131l\u0131r ( Toptan Fiyat \u0130steyin )<\/p>\n<p>Elbette Size \u00d6zel Hediye Projelerinize Sizin Belirlediginiz Ebatlarda Sizin \u0130stediginiz Renklerde Hediye Kutusu \u00dcRETEL\u0130M M\u0130<\/p>\n<p>Kullan\u0131lan Malzeme : 2 MM L\u00fcx Sert Kal\u0131n Mukavva \u00dczeri Taslama Usul\u00fc \u00dczeri L\u00fcx Fantazi Kag\u0131t S\u0131vama Kaplama )<\/p>\n<p>(Tamam\u0131 \u0130le Yerli \u00dcretim : Madde \u0130n T\u00fcrkiye )<\/p>\n<p>NOT 1 : En H\u0131zl\u0131 Satan Modellerden Stok Olab\u0131l\u0131r Bilgi Almal\u0131s\u0131n\u0131z<\/p>\n<p>NOT 2 : Sizin \u0130stediginiz Ebatta Ve Renklerde Hediye Kutusu \u00dcRET\u0130L\u0130R<\/p>\n<p>\u015eat\u0131\u015f\u0131n\u0131 Yapt\u0131g\u0131n\u0131z \u00dcr\u00fcnleri Daha G\u00fczel Daha Lux Daha Kaliteli \u015eekilde M\u00fc\u015fterilerinize \u00dcr\u00fcnlerinizi<br \/>\nSunmak \u0130stermisiniz<\/p>\n<p>Magzan\u0131za Gelen M\u00fcsterilerinize Farkl\u0131 Renklerde Degi\u015fik Ebatlarda Bo\u015f Hediye Kutusunu<br \/>\nSunarak Kazan\u00e7 Saglamak \u0130stermisiniz<\/p>\n","protected":false},"featured_media":4403,"template":"","meta":{"_joinchat":[]},"product_brand":[],"product_cat":[1395,594],"product_tag":[426,430,431,598,359,360],"class_list":{"0":"post-4480","1":"product","2":"type-product","3":"status-publish","4":"has-post-thumbnail","6":"product_cat-cikolata-hediye-kutulari","7":"product_cat-dikdortgen-hediye-kutulari","8":"product_tag-cikolata-kutusu-imalati-fiyat-listesi","9":"product_tag-fantazi-cikolata-kutular-fiyat-listesi","10":"product_tag-kutu-fiyat-listesi-fiyat-listesi","11":"product_tag-wholesale-gift","12":"product_tag-wholesale-gift-box","13":"product_tag-wholesale-gift-boxes","15":"first","16":"outofstock","17":"taxable","18":"shipping-taxable","19":"product-type-simple"},"_links":{"self":[{"href":"https:\/\/toptanhediyekutu.com\/index.php?rest_route=\/wp\/v2\/product\/4480","targetHints":{"allow":["GET"]}}],"collection":[{"href":"https:\/\/toptanhediyekutu.com\/index.php?rest_route=\/wp\/v2\/product"}],"about":[{"href":"https:\/\/toptanhediyekutu.com\/index.php?rest_route=\/wp\/v2\/types\/product"}],"version-history":[{"count":1,"href":"https:\/\/toptanhediyekutu.com\/index.php?rest_route=\/wp\/v2\/product\/4480\/revisions"}],"predecessor-version":[{"id":6373,"href":"https:\/\/toptanhediyekutu.com\/index.php?rest_route=\/wp\/v2\/product\/4480\/revisions\/6373"}],"wp:featuredmedia":[{"embeddable":true,"href":"https:\/\/toptanhediyekutu.com\/index.php?rest_route=\/wp\/v2\/media\/4403"}],"wp:attachment":[{"href":"https:\/\/toptanhediyekutu.com\/index.php?rest_route=%2Fwp%2Fv2%2Fmedia&parent=4480"}],"wp:term":[{"taxonomy":"product_brand","embeddable":true,"href":"https:\/\/toptanhediyekutu.com\/index.php?rest_route=%2Fwp%2Fv2%2Fproduct_brand&post=4480"},{"taxonomy":"product_cat","embeddable":true,"href":"https:\/\/toptanhediyekutu.com\/index.php?rest_route=%2Fwp%2Fv2%2Fproduct_cat&post=4480"},{"taxonomy":"product_tag","embeddable":true,"href":"https:\/\/toptanhediyekutu.com\/index.php?rest_route=%2Fwp%2Fv2%2Fproduct_tag&post=4480"}],"curies":[{"name":"wp","href":"https:\/\/api.w.org\/{rel}","templated":true}]}}