{"id":4406,"date":"2023-02-08T17:16:44","date_gmt":"2023-02-08T14:16:44","guid":{"rendered":"https:\/\/lavenderblush-sheep-125930.hostingersite.com\/?post_type=product&#038;p=4406"},"modified":"2025-01-18T20:06:49","modified_gmt":"2025-01-18T17:06:49","slug":"hediye-kutusu-ebat-42-17-5-cm","status":"publish","type":"product","link":"https:\/\/toptanhediyekutu.com\/?product=hediye-kutusu-ebat-42-17-5-cm","title":{"rendered":"Hediye Kutusu Ebat : 42\/17\/5 cm"},"content":{"rendered":"<p>Hediye Kutusu Ebat : 42\/17\/5 cm<\/p>\n<p>M\u0131knat\u0131s Kapak Model Hediye Kutusunun Bo\u015f Ag\u0131rl\u0131kg\u0131 : 520 GR<\/p>\n<p>Hediyelerinize \u00d6zel Hediye Kutusu Bizden En G\u00fczel Tasar\u0131m Dizayn Sunum Sizden<\/p>\n<p>Hediyeleri Ve \u00dcr\u00fcnlerinizi \u00d6zel Hediye Kutular\u0131ndan Sunmaya Ne Dersiniz<\/p>\n<p>Not:150 Adet Ve \u00dczeri \u015eipari\u015fler Logo Bask\u0131l\u0131 \u00dcretim Yap\u0131l\u0131r ( Toptan Fiyat \u0130steyin )<\/p>\n<p>Elbette Size \u00d6zel Hediye Projelerinize Sizin Belirlediginiz Ebatlarda Sizin \u0130stediginiz Renklerde Hediye Kutusu \u00dcRETEL\u0130M M\u0130<\/p>\n<p>Kullan\u0131lan Malzeme : 2 MM L\u00fcx Sert Kal\u0131n Mukavva \u00dczeri Taslama Usul\u00fc \u00dczeri L\u00fcx Fantazi Kag\u0131t S\u0131vama Kaplama )<\/p>\n<p>(Tamam\u0131 \u0130le Yerli \u00dcretim : Madde \u0130n T\u00fcrkiye )<\/p>\n<p>NOT 1 : En H\u0131zl\u0131 Satan Modellerden Stok Olab\u0131l\u0131r Bilgi Almal\u0131s\u0131n\u0131z<\/p>\n<p>NOT 2 : Sizin \u0130stediginiz Ebatta Ve Renklerde Hediye Kutusu \u00dcRET\u0130L\u0130R<\/p>\n<p>\u015eat\u0131\u015f\u0131n\u0131 Yapt\u0131g\u0131n\u0131z \u00dcr\u00fcnleri Daha G\u00fczel Daha Lux Daha Kaliteli \u015eekilde M\u00fc\u015fterilerinize \u00dcr\u00fcnlerinizi<br \/>\nSunmak \u0130stermisiniz<\/p>\n<p>Magzan\u0131za Gelen M\u00fcsterilerinize Farkl\u0131 Renklerde Degi\u015fik Ebatlarda Bo\u015f Hediye Kutusunu<br \/>\nSunarak Kazan\u00e7 Saglamak \u0130stermisiniz<\/p>\n<p>D\u00fckkan Telefon Numaram\u0131z : 0 212 531 70 58<\/p>\n<p>\u0130stanbul F\u0131nd\u0131kzade de ki Magzam\u0131zdan \u015eipari\u015fleriniz Tesl\u0131m Alabilir Yada Ald\u0131rab\u0131l\u0131rs\u0131n\u0131z<br \/>\nYada Adresinize Kargo \u0130le G\u00f6nderebiliriz<\/p>\n<p>Not Avrupan\u0131n Her Yerine Kargo \u0130le G\u00f6nderiyoruz Kargo \u00dc\u00e7reti Al\u0131c\u0131ya Aittir<\/p>\n<p>Hediye Kutu Teslimat :<\/p>\n<p>Kargo \u0130le Yada D\u00fckkan\u0131m\u0131zdan Tesl\u0131m Alabilirsiniz Kargo \u00dc\u00e7reti Al\u0131c\u0131ya Aittir<br \/>\nToptan \u015eipari\u015fleriniz Ara\u00e7 Kurye \u0130le G\u00f6nderilir Ara\u00e7 Nakliye \u00dc\u00e7reti Al\u0131c\u0131ya Aittir<\/p>\n<p>\u0130stanbul \u0130\u00e7i Motor Kurye Yonlendiriseniz Sipari\u015finiz Motor Kuryeye Teslim Edilerek Sipari\u015finiz Size Ulas\u0131r Kurye \u00dc\u00e7reti Al\u0131c\u0131ya Aittir Bilginize<\/p>\n<p>Sipari\u015fleriniz Fatih Kaya \u0130le WhatsApp Tan Online Bilgi Alab\u0131l\u0131rs\u0131n\u0131z<\/p>\n<p>Farkl\u0131 Projelerinizde Kullanmak \u0130steyeceg\u0131n\u0131z \u00d6zel L\u00fcx Hediye Kutular\u0131<br \/>\n\u2014\u2014\u2014\u2014\u2014\u2014\u2014\u2014\u2014\u2014\u2014\u2014-<br \/>\nToptan Fiyat Teklif \u0130stemelisiniz<br \/>\n\u2014\u2014\u2014\u2014\u2014\u2014\u2014\u2014\u2014\u2014\u2014\u2014-<br \/>\n100 Adet Teklif<br \/>\n\u2014\u2014\u2014\u2014\u2014\u2014\u2014\u2014\u2014-<br \/>\n250 Adet Teklif Yada Daha Fazlas\u0131 \u0130\u00e7in Teklif \u0130stemeliisiniz<\/p>\n","protected":false},"excerpt":{"rendered":"<p>https:\/\/youtube.com\/shorts\/okVyvL76epQ?feature=share<\/p>\n<p>Hediye Kutusu Ebat : 42\/17\/5 cm<\/p>\n<p>M\u0131knat\u0131s Kapak Model Hediye Kutusunun Bo\u015f Ag\u0131rl\u0131kg\u0131 : 520 GR<\/p>\n<p>Hediyelerinize \u00d6zel Hediye Kutusu Bizden En G\u00fczel Tasar\u0131m Dizayn Sunum Sizden<\/p>\n<p>Hediyeleri Ve \u00dcr\u00fcnlerinizi \u00d6zel Hediye Kutular\u0131ndan Sunmaya Ne Dersiniz<\/p>\n<p>Not:150 Adet Ve \u00dczeri \u015eipari\u015fler Logo Bask\u0131l\u0131 \u00dcretim Yap\u0131l\u0131r ( Toptan Fiyat \u0130steyin )<\/p>\n<p>Elbette Size \u00d6zel Hediye Projelerinize Sizin Belirlediginiz Ebatlarda Sizin \u0130stediginiz Renklerde Hediye Kutusu \u00dcRETEL\u0130M M\u0130<\/p>\n<p>Kullan\u0131lan Malzeme : 2 MM L\u00fcx Sert Kal\u0131n Mukavva \u00dczeri Taslama Usul\u00fc \u00dczeri L\u00fcx Fantazi Kag\u0131t S\u0131vama Kaplama )<\/p>\n<p>(Tamam\u0131 \u0130le Yerli \u00dcretim : Madde \u0130n T\u00fcrkiye )<\/p>\n<p>NOT 1 : En H\u0131zl\u0131 Satan Modellerden Stok Olab\u0131l\u0131r Bilgi Almal\u0131s\u0131n\u0131z<\/p>\n<p>NOT 2 : Sizin \u0130stediginiz Ebatta Ve Renklerde Hediye Kutusu \u00dcRET\u0130L\u0130R<\/p>\n<p>\u015eat\u0131\u015f\u0131n\u0131 Yapt\u0131g\u0131n\u0131z \u00dcr\u00fcnleri Daha G\u00fczel Daha Lux Daha Kaliteli \u015eekilde M\u00fc\u015fterilerinize \u00dcr\u00fcnlerinizi<br \/>\nSunmak \u0130stermisiniz<\/p>\n","protected":false},"featured_media":4416,"template":"","meta":{"_joinchat":[]},"product_brand":[],"product_cat":[1395,594],"product_tag":[80,499,82,81,500,160,161,71,73,72,361],"class_list":{"0":"post-4406","1":"product","2":"type-product","3":"status-publish","4":"has-post-thumbnail","6":"product_cat-cikolata-hediye-kutulari","7":"product_cat-dikdortgen-hediye-kutulari","8":"product_tag-bos-hediye-kutu","9":"product_tag-bos-hediye-kutu-atolyesi","10":"product_tag-bos-hediye-kutulari","11":"product_tag-bos-hediye-kutusu","12":"product_tag-bos-hediye-kutusu-nereden-alinir","13":"product_tag-gift-box","14":"product_tag-gift-boxes","15":"product_tag-toptan-bos-hediye-kutu","16":"product_tag-toptan-bos-hediye-kutulari","17":"product_tag-toptan-bos-hediye-kutusu","18":"product_tag-toptan-hediye-kutu-atolyesi","20":"first","21":"instock","22":"taxable","23":"shipping-taxable","24":"product-type-simple"},"_links":{"self":[{"href":"https:\/\/toptanhediyekutu.com\/index.php?rest_route=\/wp\/v2\/product\/4406","targetHints":{"allow":["GET"]}}],"collection":[{"href":"https:\/\/toptanhediyekutu.com\/index.php?rest_route=\/wp\/v2\/product"}],"about":[{"href":"https:\/\/toptanhediyekutu.com\/index.php?rest_route=\/wp\/v2\/types\/product"}],"version-history":[{"count":1,"href":"https:\/\/toptanhediyekutu.com\/index.php?rest_route=\/wp\/v2\/product\/4406\/revisions"}],"predecessor-version":[{"id":6847,"href":"https:\/\/toptanhediyekutu.com\/index.php?rest_route=\/wp\/v2\/product\/4406\/revisions\/6847"}],"wp:featuredmedia":[{"embeddable":true,"href":"https:\/\/toptanhediyekutu.com\/index.php?rest_route=\/wp\/v2\/media\/4416"}],"wp:attachment":[{"href":"https:\/\/toptanhediyekutu.com\/index.php?rest_route=%2Fwp%2Fv2%2Fmedia&parent=4406"}],"wp:term":[{"taxonomy":"product_brand","embeddable":true,"href":"https:\/\/toptanhediyekutu.com\/index.php?rest_route=%2Fwp%2Fv2%2Fproduct_brand&post=4406"},{"taxonomy":"product_cat","embeddable":true,"href":"https:\/\/toptanhediyekutu.com\/index.php?rest_route=%2Fwp%2Fv2%2Fproduct_cat&post=4406"},{"taxonomy":"product_tag","embeddable":true,"href":"https:\/\/toptanhediyekutu.com\/index.php?rest_route=%2Fwp%2Fv2%2Fproduct_tag&post=4406"}],"curies":[{"name":"wp","href":"https:\/\/api.w.org\/{rel}","templated":true}]}}