{"id":4393,"date":"2023-01-30T01:33:11","date_gmt":"2023-01-29T22:33:11","guid":{"rendered":"https:\/\/lavenderblush-sheep-125930.hostingersite.com\/?post_type=product&#038;p=4393"},"modified":"2024-11-21T21:36:14","modified_gmt":"2024-11-21T18:36:14","slug":"hediye-kutusu-ebat-25-25-9-cm-5","status":"publish","type":"product","link":"https:\/\/toptanhediyekutu.com\/?product=hediye-kutusu-ebat-25-25-9-cm-5","title":{"rendered":"Hediye Kutusu Ebat 25\/25\/9 cm"},"content":{"rendered":"<p><iframe title=\"Hediyenize \u00d6zel Hediye Kutu \u00dcretelim Mi\" width=\"1140\" height=\"855\" src=\"https:\/\/www.youtube.com\/embed\/_C2mtkBgVEM?feature=oembed\" frameborder=\"0\" allow=\"accelerometer; autoplay; clipboard-write; encrypted-media; gyroscope; picture-in-picture; web-share\" allowfullscreen><\/iframe><\/p>\n<p>&nbsp;<\/p>\n<p>Hediye Kutusu Ebat 25\/25\/9 cm<\/p>\n<p>Hediye Kutusu Bo\u015f Ag\u0131rl\u0131k 410 Gr<\/p>\n<p>Hediyelerinizi Yada \u00dcr\u00fcnlerinizin<\/p>\n<p>Sunumunuza Deger \u00dcst\u00fcne Deger Katman\u0131z\u0131 Saglayacak Profesyonel Lux Hediye Kutular\u0131<\/p>\n<p>Elbette Size \u00d6zel Projelerinize Sizin Belirlediginiz Ebatlarda Sizin \u0130stediginiz Renklerde Hediye Kutusu \u00dcRETEL\u0130M Mi<\/p>\n<p>&nbsp;<\/p>\n<p>\u00dcretim<\/p>\n<p>A 1 : \u0130stenilen \u00dcr\u00fcn Ebatlar\u0131 Ve \u015eipari\u015f Verdiginiz \u00dcr\u00fcn \u00d6zelliklerine Ve \u0130stenen Adetlere G\u00f6re 7 \u0130le<\/p>\n<p>20 \u0130\u015f G\u00fcn\u00fc \u0130\u00e7inde \u00dcretilir Ve Tesl\u0131m\u0131 Saglan\u0131r Kargo Yada Nakl\u0131ye \u00dc\u00e7reti Al\u0131c\u0131ya Aittir<\/p>\n<p>A 2 : Mazgam\u0131za Yak\u0131nsan\u0131z Arac\u0131n\u0131z \u0130le Gel\u0131p Elden Tesl\u0131m Alabilirsiniz<\/p>\n<p>\u00dcretimde Kullan\u0131lan Malzeme : 2 mm Sert Kal\u0131n Premium Lux Mukavava + 140 Gr Fantazi Lux Kag\u0131t<\/p>\n<p>\u00dcretim A\u015famas\u0131 : 2 mm Sert Kal\u0131n Premium Lux Mukavava \u00dczeri Fantazi Lux Kag\u0131t S\u0131vama Taslama Usulu \u0130le El \u0130\u015f\u00e7igigi \u0130le \u00dcretilmi\u015ftir<\/p>\n<p>(Tamam\u0131 \u0130le Yerli \u00dcretim : Madde \u0130n T\u00fcrkiye )<\/p>\n<p>Teslimat \u015eekli :<\/p>\n<p>Not Avrupan\u0131n Her Yerine Kargo \u0130le G\u00f6nderiyoruz Kargo \u00dc\u00e7reti Al\u0131c\u0131ya Aittir<\/p>\n<p>Teslimat Se\u00e7enekler\u0131 :<\/p>\n<p>B 1 : \u00d6zel \u00dcretilen \u015eipari\u015fleriniz \u0130stanbul \u0130\u00e7i \u0130se Nakl\u0131ye \u0130le G\u00f6nderilir Nakl\u0131ye \u00dc\u00e7reti Al\u0131c\u0131ya Aittir<\/p>\n<p>B 2 : Sipari\u015finiz Stoklar\u0131m\u0131zda Var \u0130se 1 Yada 2 G\u00fcn \u0130\u00e7inde Magzam\u0131zdan Yada Kargo \u0130le Tesl\u0131m Edilir \u00dc\u00e7reti Al\u0131c\u0131ya Aittir<\/p>\n<p>B 3 : Mazgam\u0131za Yak\u0131nsan\u0131z Arac\u0131n\u0131z \u0130le Gel\u0131p Elden Tesl\u0131m Alabilirsiniz Yada Ald\u0131rabilirsiniz )<\/p>\n<p>B 3 : \u0130stene \u00dcr\u00fcn Stoklar\u0131m\u0131zda Var \u0130se Ac\u0131l Sipari\u015fleriniz Oldugundan \u0130stanbul \u0130\u00e7i \u0130se Motor Kurye<\/p>\n<p>\u0130le Teslimi Sagllan\u0131r Kurye \u00dc\u00e7reti Al\u0131c\u0131ya Aittir Yada Mazgam\u0131za Yak\u0131nsan\u0131z Arac\u0131n\u0131z \u0130le Gel\u0131p Elden<\/p>\n<p>Tesl\u0131m Alabilirsiniz D\u00fckkan Telefon Numaram\u0131z : 0 212 531 70 58<\/p>\n<p>&nbsp;<\/p>\n<p>Farkl\u0131 Projelerinizde Kullanmak \u0130steyeceg\u0131n\u0131z \u00d6zel L\u00fcx Hediye Kutular\u0131<br \/>\n\u2014\u2014\u2014\u2014\u2014\u2014\u2014\u2014\u2014\u2014\u2014\u2014-<br \/>\nToptan Fiyat Teklif \u0130stemelisiniz<br \/>\n\u2014\u2014\u2014\u2014\u2014\u2014\u2014\u2014\u2014\u2014\u2014\u2014-<br \/>\n100 Adet Teklif<br \/>\n\u2014\u2014\u2014\u2014\u2014\u2014\u2014\u2014\u2014-<br \/>\n250 Adet Teklif<br \/>\n\u2014\u2014\u2014\u2014\u2014\u2014\u2014\u2014\u2014-<br \/>\n500 Adet Teklif<br \/>\n\u2014\u2014\u2014\u2014\u2014\u2014\u2014\u2014\u2014-<br \/>\n1000 Adet Teklif<\/p>\n<p>&nbsp;<\/p>\n","protected":false},"excerpt":{"rendered":"<p>https:\/\/youtube.com\/shorts\/_C2mtkBgVEM?feature=share<\/p>\n","protected":false},"featured_media":4369,"template":"","meta":{"_joinchat":[]},"product_brand":[],"product_cat":[15],"product_tag":[495,496,125,204,498,113,493,497,216,494,152],"class_list":{"0":"post-4393","1":"product","2":"type-product","3":"status-publish","4":"has-post-thumbnail","6":"product_cat-hediye-kutu","7":"product_tag-annenize-hediyeler","8":"product_tag-babaniza-hediyeler","9":"product_tag-bebek-hediyeleri","10":"product_tag-dogum-gunu-hediyeleri","11":"product_tag-erkeklere-ozel-hediyeler","12":"product_tag-ev-hediyesi","13":"product_tag-hediye-cesitleri","14":"product_tag-kadinlara-ozel-hediyeler","15":"product_tag-ozel-hediyeler","16":"product_tag-sevgiliye-hediyeler","17":"product_tag-yeni-yil-hediyeleri","19":"first","20":"instock","21":"taxable","22":"shipping-taxable","23":"product-type-simple"},"_links":{"self":[{"href":"https:\/\/toptanhediyekutu.com\/index.php?rest_route=\/wp\/v2\/product\/4393","targetHints":{"allow":["GET"]}}],"collection":[{"href":"https:\/\/toptanhediyekutu.com\/index.php?rest_route=\/wp\/v2\/product"}],"about":[{"href":"https:\/\/toptanhediyekutu.com\/index.php?rest_route=\/wp\/v2\/types\/product"}],"version-history":[{"count":1,"href":"https:\/\/toptanhediyekutu.com\/index.php?rest_route=\/wp\/v2\/product\/4393\/revisions"}],"predecessor-version":[{"id":6225,"href":"https:\/\/toptanhediyekutu.com\/index.php?rest_route=\/wp\/v2\/product\/4393\/revisions\/6225"}],"wp:featuredmedia":[{"embeddable":true,"href":"https:\/\/toptanhediyekutu.com\/index.php?rest_route=\/wp\/v2\/media\/4369"}],"wp:attachment":[{"href":"https:\/\/toptanhediyekutu.com\/index.php?rest_route=%2Fwp%2Fv2%2Fmedia&parent=4393"}],"wp:term":[{"taxonomy":"product_brand","embeddable":true,"href":"https:\/\/toptanhediyekutu.com\/index.php?rest_route=%2Fwp%2Fv2%2Fproduct_brand&post=4393"},{"taxonomy":"product_cat","embeddable":true,"href":"https:\/\/toptanhediyekutu.com\/index.php?rest_route=%2Fwp%2Fv2%2Fproduct_cat&post=4393"},{"taxonomy":"product_tag","embeddable":true,"href":"https:\/\/toptanhediyekutu.com\/index.php?rest_route=%2Fwp%2Fv2%2Fproduct_tag&post=4393"}],"curies":[{"name":"wp","href":"https:\/\/api.w.org\/{rel}","templated":true}]}}