{"id":4379,"date":"2023-01-29T23:16:28","date_gmt":"2023-01-29T20:16:28","guid":{"rendered":"https:\/\/lavenderblush-sheep-125930.hostingersite.com\/?post_type=product&#038;p=4379"},"modified":"2024-11-21T21:37:22","modified_gmt":"2024-11-21T18:37:22","slug":"hediye-kutusu-ebat-25-25-9-cm","status":"publish","type":"product","link":"https:\/\/toptanhediyekutu.com\/?product=hediye-kutusu-ebat-25-25-9-cm","title":{"rendered":"Hediye Kutusu Ebat 25\/25\/9 cm"},"content":{"rendered":"<p>Turuncu Renk Bo\u015f Hediye Kutusu Ebat 25\/25\/9 cm<\/p>\n<p>Hediye Kutusu Bo\u015f Ag\u0131rl\u0131k 410 Gr<\/p>\n<p>Hediyelerinizi Yada \u00dcr\u00fcnlerinizin<\/p>\n<p>Sunumunuza Deger \u00dcst\u00fcne Deger Katman\u0131z\u0131 Saglayacak Profesyonel Lux Hediye Kutular\u0131<\/p>\n<p>Elbette Size \u00d6zel Projelerinize Sizin Belirlediginiz Ebatlarda Sizin \u0130stediginiz Renklerde Hediye Kutusu \u00dcRETEL\u0130M Mi<\/p>\n<p>&nbsp;<\/p>\n<p>\u00dcretim<\/p>\n<p>A 1 : \u0130stenilen \u00dcr\u00fcn Ebatlar\u0131 Ve \u015eipari\u015f Verdiginiz \u00dcr\u00fcn \u00d6zelliklerine Ve \u0130stenen Adetlere G\u00f6re 7 \u0130le<\/p>\n<p>20 \u0130\u015f G\u00fcn\u00fc \u0130\u00e7inde \u00dcretilir Ve Tesl\u0131m\u0131 Saglan\u0131r Kargo Yada Nakl\u0131ye \u00dc\u00e7reti Al\u0131c\u0131ya Aittir<\/p>\n<p>A 2 : Mazgam\u0131za Yak\u0131nsan\u0131z Arac\u0131n\u0131z \u0130le Gel\u0131p Elden Tesl\u0131m Alabilirsiniz<\/p>\n<p>\u00dcretimde Kullan\u0131lan Malzeme : 2 mm Sert Kal\u0131n Premium Lux Mukavava + 140 Gr Fantazi Lux Kag\u0131t<\/p>\n<p>\u00dcretim A\u015famas\u0131 : 2 mm Sert Kal\u0131n Premium Lux Mukavava \u00dczeri Fantazi Lux Kag\u0131t S\u0131vama Taslama Usulu \u0130le El \u0130\u015f\u00e7igigi \u0130le \u00dcretilmi\u015ftir<\/p>\n<p>(Tamam\u0131 \u0130le Yerli \u00dcretim : Madde \u0130n T\u00fcrkiye )<\/p>\n<p>Teslimat \u015eekli :<\/p>\n<p>Not Avrupan\u0131n Her Yerine Kargo \u0130le G\u00f6nderiyoruz Kargo \u00dc\u00e7reti Al\u0131c\u0131ya Aittir<\/p>\n<p>Teslimat Se\u00e7enekler\u0131 :<\/p>\n<p>B 1 : \u00d6zel \u00dcretilen \u015eipari\u015fleriniz \u0130stanbul \u0130\u00e7i \u0130se Nakl\u0131ye \u0130le G\u00f6nderilir Nakl\u0131ye \u00dc\u00e7reti Al\u0131c\u0131ya Aittir<\/p>\n<p>B 2 : Sipari\u015finiz Stoklar\u0131m\u0131zda Var \u0130se 1 Yada 2 G\u00fcn \u0130\u00e7inde Magzam\u0131zdan Yada Kargo \u0130le Tesl\u0131m Edilir \u00dc\u00e7reti Al\u0131c\u0131ya Aittir<\/p>\n<p>B 3 : Mazgam\u0131za Yak\u0131nsan\u0131z Arac\u0131n\u0131z \u0130le Gel\u0131p Elden Tesl\u0131m Alabilirsiniz Yada Ald\u0131rabilirsiniz )<\/p>\n<p>B 3 : \u0130stene \u00dcr\u00fcn Stoklar\u0131m\u0131zda Var \u0130se Ac\u0131l Sipari\u015fleriniz Oldugundan \u0130stanbul \u0130\u00e7i \u0130se Motor Kurye<\/p>\n<p>\u0130le Teslimi Sagllan\u0131r Kurye \u00dc\u00e7reti Al\u0131c\u0131ya Aittir Yada Mazgam\u0131za Yak\u0131nsan\u0131z Arac\u0131n\u0131z \u0130le Gel\u0131p Elden<\/p>\n<p>Tesl\u0131m Alabilirsiniz<\/p>\n<p>\u2014\u2014\u2014\u2014\u2014\u2014\u2014\u2014\u2014\u2014\u2014\u2014-<br \/>\nToptan Fiyat Teklif \u0130stemelisiniz<br \/>\n\u2014\u2014\u2014\u2014\u2014\u2014\u2014\u2014\u2014\u2014\u2014\u2014-<br \/>\n100 Adet Teklif<br \/>\n\u2014\u2014\u2014\u2014\u2014\u2014\u2014\u2014\u2014-<br \/>\n250 Adet Teklif<\/p>\n","protected":false},"excerpt":{"rendered":"<p>https:\/\/youtube.com\/shorts\/_C2mtkBgVEM?feature=share<\/p>\n","protected":false},"featured_media":4378,"template":"","meta":{"_joinchat":[]},"product_brand":[],"product_cat":[15],"product_tag":[182,437,442,204,154,139,438,140,441,439,122,440],"class_list":{"0":"post-4379","1":"product","2":"type-product","3":"status-publish","4":"has-post-thumbnail","6":"product_cat-hediye-kutu","7":"product_tag-anlamli-hediyeler","8":"product_tag-babalar-gunu-hediyesi","9":"product_tag-dekoratif-hediyeler","10":"product_tag-dogum-gunu-hediyeleri","11":"product_tag-ev-hediyeleri","12":"product_tag-ilginc-hediyeler","13":"product_tag-kurumsal-hediyeler","14":"product_tag-ofis-hediyeleri","15":"product_tag-parti-malzemeleri","16":"product_tag-pelus-oyuncaklar","17":"product_tag-sevgililer-gunu-hediyesi","18":"product_tag-tisort-modelleri","20":"first","21":"instock","22":"taxable","23":"shipping-taxable","24":"product-type-simple"},"_links":{"self":[{"href":"https:\/\/toptanhediyekutu.com\/index.php?rest_route=\/wp\/v2\/product\/4379","targetHints":{"allow":["GET"]}}],"collection":[{"href":"https:\/\/toptanhediyekutu.com\/index.php?rest_route=\/wp\/v2\/product"}],"about":[{"href":"https:\/\/toptanhediyekutu.com\/index.php?rest_route=\/wp\/v2\/types\/product"}],"version-history":[{"count":2,"href":"https:\/\/toptanhediyekutu.com\/index.php?rest_route=\/wp\/v2\/product\/4379\/revisions"}],"predecessor-version":[{"id":6237,"href":"https:\/\/toptanhediyekutu.com\/index.php?rest_route=\/wp\/v2\/product\/4379\/revisions\/6237"}],"wp:featuredmedia":[{"embeddable":true,"href":"https:\/\/toptanhediyekutu.com\/index.php?rest_route=\/wp\/v2\/media\/4378"}],"wp:attachment":[{"href":"https:\/\/toptanhediyekutu.com\/index.php?rest_route=%2Fwp%2Fv2%2Fmedia&parent=4379"}],"wp:term":[{"taxonomy":"product_brand","embeddable":true,"href":"https:\/\/toptanhediyekutu.com\/index.php?rest_route=%2Fwp%2Fv2%2Fproduct_brand&post=4379"},{"taxonomy":"product_cat","embeddable":true,"href":"https:\/\/toptanhediyekutu.com\/index.php?rest_route=%2Fwp%2Fv2%2Fproduct_cat&post=4379"},{"taxonomy":"product_tag","embeddable":true,"href":"https:\/\/toptanhediyekutu.com\/index.php?rest_route=%2Fwp%2Fv2%2Fproduct_tag&post=4379"}],"curies":[{"name":"wp","href":"https:\/\/api.w.org\/{rel}","templated":true}]}}