{"id":4366,"date":"2023-01-29T16:34:42","date_gmt":"2023-01-29T13:34:42","guid":{"rendered":"https:\/\/lavenderblush-sheep-125930.hostingersite.com\/?post_type=product&#038;p=4366"},"modified":"2024-08-09T18:15:22","modified_gmt":"2024-08-09T15:15:22","slug":"miknatis-kapak-hediye-kutu-ebat-20-11-2-5-cm","status":"publish","type":"product","link":"https:\/\/toptanhediyekutu.com\/?product=miknatis-kapak-hediye-kutu-ebat-20-11-2-5-cm","title":{"rendered":"M\u0131knat\u0131s Kapak Hediye Kutu Ebat 20\/11\/2.5 cm"},"content":{"rendered":"<p>M\u0131knat\u0131s Kapak Hediye Kutu Ebat 20\/11\/2.5 cm<\/p>\n<p>M\u0131knat\u0131s Kapak Model Hediye Kutusunun Bo\u015f Ag\u0131rl\u0131kg\u0131 : 170 GR<\/p>\n","protected":false},"excerpt":{"rendered":"<p>https:\/\/youtube.com\/shorts\/GXndWpUWfrs?feature=share<\/p>\n","protected":false},"featured_media":4328,"template":"","meta":{"_joinchat":[]},"product_brand":[],"product_cat":[594],"product_tag":[],"class_list":{"0":"post-4366","1":"product","2":"type-product","3":"status-publish","4":"has-post-thumbnail","6":"product_cat-dikdortgen-hediye-kutulari","8":"first","9":"instock","10":"taxable","11":"shipping-taxable","12":"product-type-simple"},"_links":{"self":[{"href":"https:\/\/toptanhediyekutu.com\/index.php?rest_route=\/wp\/v2\/product\/4366","targetHints":{"allow":["GET"]}}],"collection":[{"href":"https:\/\/toptanhediyekutu.com\/index.php?rest_route=\/wp\/v2\/product"}],"about":[{"href":"https:\/\/toptanhediyekutu.com\/index.php?rest_route=\/wp\/v2\/types\/product"}],"version-history":[{"count":1,"href":"https:\/\/toptanhediyekutu.com\/index.php?rest_route=\/wp\/v2\/product\/4366\/revisions"}],"predecessor-version":[{"id":6856,"href":"https:\/\/toptanhediyekutu.com\/index.php?rest_route=\/wp\/v2\/product\/4366\/revisions\/6856"}],"wp:featuredmedia":[{"embeddable":true,"href":"https:\/\/toptanhediyekutu.com\/index.php?rest_route=\/wp\/v2\/media\/4328"}],"wp:attachment":[{"href":"https:\/\/toptanhediyekutu.com\/index.php?rest_route=%2Fwp%2Fv2%2Fmedia&parent=4366"}],"wp:term":[{"taxonomy":"product_brand","embeddable":true,"href":"https:\/\/toptanhediyekutu.com\/index.php?rest_route=%2Fwp%2Fv2%2Fproduct_brand&post=4366"},{"taxonomy":"product_cat","embeddable":true,"href":"https:\/\/toptanhediyekutu.com\/index.php?rest_route=%2Fwp%2Fv2%2Fproduct_cat&post=4366"},{"taxonomy":"product_tag","embeddable":true,"href":"https:\/\/toptanhediyekutu.com\/index.php?rest_route=%2Fwp%2Fv2%2Fproduct_tag&post=4366"}],"curies":[{"name":"wp","href":"https:\/\/api.w.org\/{rel}","templated":true}]}}