{"id":4364,"date":"2023-01-29T16:30:23","date_gmt":"2023-01-29T13:30:23","guid":{"rendered":"https:\/\/lavenderblush-sheep-125930.hostingersite.com\/?post_type=product&#038;p=4364"},"modified":"2024-08-09T18:15:32","modified_gmt":"2024-08-09T15:15:32","slug":"miknatis-kapak-hediye-kutu-ebat-19-14-2-5-cm","status":"publish","type":"product","link":"https:\/\/toptanhediyekutu.com\/?product=miknatis-kapak-hediye-kutu-ebat-19-14-2-5-cm","title":{"rendered":"M\u0131knat\u0131s Kapak Hediye Kutu Ebat 19\/14\/2.5 cm"},"content":{"rendered":"<p>M\u0131knat\u0131s Kapak Hediye Kutu Ebat 19\/14\/2.5 cm<\/p>\n<p>M\u0131knat\u0131s Kapak Model Hediye Kutusunun Bo\u015f Ag\u0131rl\u0131kg\u0131 : 190 GR<\/p>\n","protected":false},"excerpt":{"rendered":"<p>https:\/\/youtube.com\/shorts\/GXndWpUWfrs?feature=share<\/p>\n","protected":false},"featured_media":4327,"template":"","meta":{"_joinchat":[]},"product_brand":[],"product_cat":[594],"product_tag":[370,368,372,77,369],"class_list":{"0":"post-4364","1":"product","2":"type-product","3":"status-publish","4":"has-post-thumbnail","6":"product_cat-dikdortgen-hediye-kutulari","7":"product_tag-ahsap-hediye-kutusu-toptan","8":"product_tag-bos-hediye-kutusu-toptan","9":"product_tag-karton-hediye-kutusu-toptan","10":"product_tag-toptan-hediye-kutusu","11":"product_tag-ucuz-toptan-hediye-kutusu","13":"first","14":"instock","15":"taxable","16":"shipping-taxable","17":"product-type-simple"},"_links":{"self":[{"href":"https:\/\/toptanhediyekutu.com\/index.php?rest_route=\/wp\/v2\/product\/4364","targetHints":{"allow":["GET"]}}],"collection":[{"href":"https:\/\/toptanhediyekutu.com\/index.php?rest_route=\/wp\/v2\/product"}],"about":[{"href":"https:\/\/toptanhediyekutu.com\/index.php?rest_route=\/wp\/v2\/types\/product"}],"version-history":[{"count":2,"href":"https:\/\/toptanhediyekutu.com\/index.php?rest_route=\/wp\/v2\/product\/4364\/revisions"}],"predecessor-version":[{"id":6857,"href":"https:\/\/toptanhediyekutu.com\/index.php?rest_route=\/wp\/v2\/product\/4364\/revisions\/6857"}],"wp:featuredmedia":[{"embeddable":true,"href":"https:\/\/toptanhediyekutu.com\/index.php?rest_route=\/wp\/v2\/media\/4327"}],"wp:attachment":[{"href":"https:\/\/toptanhediyekutu.com\/index.php?rest_route=%2Fwp%2Fv2%2Fmedia&parent=4364"}],"wp:term":[{"taxonomy":"product_brand","embeddable":true,"href":"https:\/\/toptanhediyekutu.com\/index.php?rest_route=%2Fwp%2Fv2%2Fproduct_brand&post=4364"},{"taxonomy":"product_cat","embeddable":true,"href":"https:\/\/toptanhediyekutu.com\/index.php?rest_route=%2Fwp%2Fv2%2Fproduct_cat&post=4364"},{"taxonomy":"product_tag","embeddable":true,"href":"https:\/\/toptanhediyekutu.com\/index.php?rest_route=%2Fwp%2Fv2%2Fproduct_tag&post=4364"}],"curies":[{"name":"wp","href":"https:\/\/api.w.org\/{rel}","templated":true}]}}