{"id":4363,"date":"2023-01-29T16:28:10","date_gmt":"2023-01-29T13:28:10","guid":{"rendered":"https:\/\/lavenderblush-sheep-125930.hostingersite.com\/?post_type=product&#038;p=4363"},"modified":"2024-08-09T18:15:40","modified_gmt":"2024-08-09T15:15:40","slug":"miknatis-kapak-hediye-kutu-ebat-20-20-2-5-cm-2","status":"publish","type":"product","link":"https:\/\/toptanhediyekutu.com\/?product=miknatis-kapak-hediye-kutu-ebat-20-20-2-5-cm-2","title":{"rendered":"M\u0131knat\u0131s Kapak Hediye Kutu Ebat 20\/20\/2.5 cm"},"content":{"rendered":"<p>M\u0131knat\u0131s Kapak Hediye Kutu Ebat 20\/20\/2.5 cm<\/p>\n<p>M\u0131knat\u0131s Kapak Hediye Kutu Bo\u015f Ag\u0131rl\u0131k 250 GR<\/p>\n","protected":false},"excerpt":{"rendered":"<p>M\u0131knat\u0131s Kapak Hediye Kutu Ebat 20\/20\/2.5 cm M\u0131knat\u0131s Kapak Hediye Kutu Bo\u015f Ag\u0131rl\u0131k 250 GR<\/p>\n","protected":false},"featured_media":4329,"template":"","meta":{"_joinchat":[]},"product_brand":[],"product_cat":[15],"product_tag":[432,384,116,392,433,394,338,393,386],"class_list":{"0":"post-4363","1":"product","2":"type-product","3":"status-publish","4":"has-post-thumbnail","6":"product_cat-hediye-kutu","7":"product_tag-en-iyi-hediye-fikirleri","8":"product_tag-ev-hediye-fikirleri","9":"product_tag-hediye-fikirleri","10":"product_tag-kurumsal-hediye","11":"product_tag-ozel-hediye-fikirleri","12":"product_tag-romantik-hediye-fikirleri","13":"product_tag-sevgiliye-hediye-fikirleri-bayan","14":"product_tag-yil-donumu-hediye-fikirleri","15":"product_tag-yoneticiye-hediye-fikirleri","17":"first","18":"instock","19":"taxable","20":"shipping-taxable","21":"product-type-simple"},"_links":{"self":[{"href":"https:\/\/toptanhediyekutu.com\/index.php?rest_route=\/wp\/v2\/product\/4363","targetHints":{"allow":["GET"]}}],"collection":[{"href":"https:\/\/toptanhediyekutu.com\/index.php?rest_route=\/wp\/v2\/product"}],"about":[{"href":"https:\/\/toptanhediyekutu.com\/index.php?rest_route=\/wp\/v2\/types\/product"}],"version-history":[{"count":1,"href":"https:\/\/toptanhediyekutu.com\/index.php?rest_route=\/wp\/v2\/product\/4363\/revisions"}],"predecessor-version":[{"id":6858,"href":"https:\/\/toptanhediyekutu.com\/index.php?rest_route=\/wp\/v2\/product\/4363\/revisions\/6858"}],"wp:featuredmedia":[{"embeddable":true,"href":"https:\/\/toptanhediyekutu.com\/index.php?rest_route=\/wp\/v2\/media\/4329"}],"wp:attachment":[{"href":"https:\/\/toptanhediyekutu.com\/index.php?rest_route=%2Fwp%2Fv2%2Fmedia&parent=4363"}],"wp:term":[{"taxonomy":"product_brand","embeddable":true,"href":"https:\/\/toptanhediyekutu.com\/index.php?rest_route=%2Fwp%2Fv2%2Fproduct_brand&post=4363"},{"taxonomy":"product_cat","embeddable":true,"href":"https:\/\/toptanhediyekutu.com\/index.php?rest_route=%2Fwp%2Fv2%2Fproduct_cat&post=4363"},{"taxonomy":"product_tag","embeddable":true,"href":"https:\/\/toptanhediyekutu.com\/index.php?rest_route=%2Fwp%2Fv2%2Fproduct_tag&post=4363"}],"curies":[{"name":"wp","href":"https:\/\/api.w.org\/{rel}","templated":true}]}}