{"id":4333,"date":"2023-01-28T23:32:05","date_gmt":"2023-01-28T20:32:05","guid":{"rendered":"https:\/\/lavenderblush-sheep-125930.hostingersite.com\/?post_type=product&#038;p=4333"},"modified":"2025-01-18T19:06:54","modified_gmt":"2025-01-18T16:06:54","slug":"miknatis-kapak-hediye-kutusu-ebat-21-20-5-cm","status":"publish","type":"product","link":"https:\/\/toptanhediyekutu.com\/?product=miknatis-kapak-hediye-kutusu-ebat-21-20-5-cm","title":{"rendered":"Hediye Kutusu Ebat:21\/20\/5 cm"},"content":{"rendered":"<p>M\u0131knat\u0131s Kapak Hediye Kutusu Ebat : 21\/20\/5 cm<\/p>\n<p>&nbsp;<\/p>\n<p>M\u0131knat\u0131s Kapak Model Hediye Kutusunun Bo\u015f Ag\u0131rl\u0131kg\u0131 : 350 GR<\/p>\n<p class=\"p1\"><span class=\"s1\"><b>50 Adet Ve \u00dczeri Al\u0131mlarda <\/b><\/span><\/p>\n<p class=\"p1\"><span class=\"s1\"><b>Fatih Kayadan \u00d6zel Toptan Fiyat \u0130stemel\u0131s\u0131n\u0131z <\/b><\/span><\/p>\n<p class=\"p1\"><span class=\"s1\"><b>150 Adet Ve \u00dczeri Al\u0131mlarda Logo Bask\u0131l\u0131 \u00dcretimimiz Vard\u0131r<\/b><\/span><\/p>\n<p class=\"p1\"><span class=\"s1\"><b>Fatih Kaya Onl\u0131ne Bilgi WhatsApp + 90 536 431 72 02 <\/b><\/span><\/p>\n<p class=\"p1\"><span class=\"s1\"><b>Magza : 0 212 531 79 58 <\/b><\/span><\/p>\n<p>Sizin \u0130stediginiz Ebatta Ve Renklerde Hediye Kutusu \u00dcRET\u0130L\u0130R<\/p>\n<p>Hediyeleri Ve \u00dcr\u00fcnlerinizi \u00d6zel Hediye Kutular\u0131ndan Sunmaya Ne Dersiniz<\/p>\n<p>Biz Sunumunuza Deger \u00dcst\u00fcne Deger Katman\u0131z\u0131 Saglayabiliriz<\/p>\n<p>Elbette Size \u00d6zel Hediye Projelerinize Sizin Belirlediginiz Ebatlarda Sizin \u0130stediginiz Renklerde Hediye Kutusu \u00dcRETEL\u0130M M\u0130<\/p>\n<p>Kullan\u0131lan Malzeme : 2 MM L\u00fcx Sert Kal\u0131n Mukavva \u00dczeri Taslama Usul\u00fc \u00dczeri L\u00fcx Fantazi Kag\u0131t S\u0131vama Kaplama )<\/p>\n<p>(Tamam\u0131 \u0130le Yerli \u00dcretim : Madde \u0130n T\u00fcrkiye )<\/p>\n<p>NOT 1 : En H\u0131zl\u0131 Satan Modellerden Stok Olab\u0131l\u0131r Bilgi Almal\u0131s\u0131n\u0131z<\/p>\n<p>NOT 2 : Size \u00d6zel Ebatlarda Da Hediye Kutu \u00dcretelim mi ?<\/p>\n<p>\u015eat\u0131\u015f\u0131n\u0131 Yapt\u0131g\u0131n\u0131z \u00dcr\u00fcnleri Daha G\u00fczel Daha Lux Daha Kaliteli \u015eekilde M\u00fc\u015fterilerinize \u00dcr\u00fcnlerinizi<br \/>\nSunmak \u0130stermisiniz<\/p>\n<p>Magzan\u0131za Gelen M\u00fcsterilerinize Farkl\u0131 Renklerde Degi\u015fik Ebatlarda Bo\u015f Hediye Kutusunu<br \/>\nSunarak Kazan\u00e7 Saglamak \u0130stermisiniz<\/p>\n<p>D\u00fckkan Telefon Numaram\u0131z : 0 212 531 70 58<\/p>\n<p>\u0130stanbul F\u0131nd\u0131kzade de ki Magzam\u0131zdan \u015eipari\u015fleriniz Tesl\u0131m Alabilir Yada Ald\u0131rab\u0131l\u0131rs\u0131n\u0131z<br \/>\nYada Adresinize Kargo \u0130le G\u00f6nderebiliriz<\/p>\n<p>\u00dcr\u00fcnlerinizi Dahada G\u00fczel Sunmaya Ne Dersiniz<br \/>\nHediyelerinize \u00d6zel Hediye Kutular\u0131<\/p>\n<p>Not Avrupan\u0131n Her Yerine Kargo \u0130le G\u00f6nderiyoruz Kargo \u00dc\u00e7reti Al\u0131c\u0131ya Aittir<\/p>\n<p>Hediye Kutu Teslimat : Kargo \u0130le Yada D\u00fckkan\u0131m\u0131zdan Tesl\u0131m Alabilirsiniz Kargo \u00dc\u00e7reti Al\u0131c\u0131ya Aittir<br \/>\nToptan \u015eipari\u015fleriniz Ara\u00e7 Kurye \u0130le G\u00f6nderilir Ara\u00e7 Nakliye \u00dc\u00e7reti Al\u0131c\u0131ya Aittir<\/p>\n<p>\u0130stanbul \u0130\u00e7i Motor Kurye Yonlendiriseniz Sipari\u015finiz Motor Kuryeye Teslim Edilerek Sipari\u015finiz Size Ulas\u0131r Kurye \u00dc\u00e7reti Al\u0131c\u0131ya Aittir Bilginize<\/p>\n<p>Sipari\u015fleriniz Fatih Kaya \u0130le WhatsApp Tan Online Bilgi Alab\u0131l\u0131rs\u0131n\u0131z<\/p>\n<p>Farkl\u0131 Projelerinizde Kullanmak \u0130steyeceg\u0131n\u0131z \u00d6zel L\u00fcx Hediye Kutular\u0131<br \/>\n\u2014\u2014\u2014\u2014\u2014\u2014\u2014\u2014\u2014\u2014\u2014\u2014-<br \/>\nToptan Fiyat Teklif \u0130stemelisiniz<br \/>\n\u2014\u2014\u2014\u2014\u2014\u2014\u2014\u2014\u2014\u2014\u2014\u2014-<br \/>\n100 Adet Teklif<br \/>\n\u2014\u2014\u2014\u2014\u2014\u2014\u2014\u2014\u2014-<br \/>\n250 Adet Teklif<\/p>\n","protected":false},"excerpt":{"rendered":"<p>https:\/\/youtube.com\/shorts\/bEYJVXP-A4U?feature=share<\/p>\n<p>https:\/\/youtube.com\/shorts\/wBMUpd5Bqn4?feature=share<\/p>\n<p>&nbsp;<\/p>\n","protected":false},"featured_media":4331,"template":"","meta":{"_joinchat":[]},"product_brand":[],"product_cat":[15],"product_tag":[432,384,116,392,284,387,433,394,338,393,385,386],"class_list":{"0":"post-4333","1":"product","2":"type-product","3":"status-publish","4":"has-post-thumbnail","6":"product_cat-hediye-kutu","7":"product_tag-en-iyi-hediye-fikirleri","8":"product_tag-ev-hediye-fikirleri","9":"product_tag-hediye-fikirleri","10":"product_tag-kurumsal-hediye","11":"product_tag-manevi-hediye-fikirleri","12":"product_tag-orijinal-hediye-fikirleri","13":"product_tag-ozel-hediye-fikirleri","14":"product_tag-romantik-hediye-fikirleri","15":"product_tag-sevgiliye-hediye-fikirleri-bayan","16":"product_tag-yil-donumu-hediye-fikirleri","17":"product_tag-yildonumu-hediye-fikirleri-erkek","18":"product_tag-yoneticiye-hediye-fikirleri","20":"first","21":"outofstock","22":"taxable","23":"shipping-taxable","24":"product-type-simple"},"_links":{"self":[{"href":"https:\/\/toptanhediyekutu.com\/index.php?rest_route=\/wp\/v2\/product\/4333","targetHints":{"allow":["GET"]}}],"collection":[{"href":"https:\/\/toptanhediyekutu.com\/index.php?rest_route=\/wp\/v2\/product"}],"about":[{"href":"https:\/\/toptanhediyekutu.com\/index.php?rest_route=\/wp\/v2\/types\/product"}],"version-history":[{"count":5,"href":"https:\/\/toptanhediyekutu.com\/index.php?rest_route=\/wp\/v2\/product\/4333\/revisions"}],"predecessor-version":[{"id":7129,"href":"https:\/\/toptanhediyekutu.com\/index.php?rest_route=\/wp\/v2\/product\/4333\/revisions\/7129"}],"wp:featuredmedia":[{"embeddable":true,"href":"https:\/\/toptanhediyekutu.com\/index.php?rest_route=\/wp\/v2\/media\/4331"}],"wp:attachment":[{"href":"https:\/\/toptanhediyekutu.com\/index.php?rest_route=%2Fwp%2Fv2%2Fmedia&parent=4333"}],"wp:term":[{"taxonomy":"product_brand","embeddable":true,"href":"https:\/\/toptanhediyekutu.com\/index.php?rest_route=%2Fwp%2Fv2%2Fproduct_brand&post=4333"},{"taxonomy":"product_cat","embeddable":true,"href":"https:\/\/toptanhediyekutu.com\/index.php?rest_route=%2Fwp%2Fv2%2Fproduct_cat&post=4333"},{"taxonomy":"product_tag","embeddable":true,"href":"https:\/\/toptanhediyekutu.com\/index.php?rest_route=%2Fwp%2Fv2%2Fproduct_tag&post=4333"}],"curies":[{"name":"wp","href":"https:\/\/api.w.org\/{rel}","templated":true}]}}