{"id":4146,"date":"2023-01-19T01:47:52","date_gmt":"2023-01-18T22:47:52","guid":{"rendered":"https:\/\/lavenderblush-sheep-125930.hostingersite.com\/?post_type=product&#038;p=4146"},"modified":"2026-04-10T23:09:02","modified_gmt":"2026-04-10T20:09:02","slug":"hediye-kutu-ebat-22-15-8-cm-8","status":"publish","type":"product","link":"https:\/\/toptanhediyekutu.com\/?product=hediye-kutu-ebat-22-15-8-cm-8","title":{"rendered":"Hediye Kutusu Ebat :22\/15\/8 cm"},"content":{"rendered":"<p>Hediye Kutu Ebat :22\/15\/8 cm<\/p>\n<p>Hediye Kutusunun Bo\u015f Ag\u0131rl\u0131kg\u0131 : 240 GR<\/p>\n<p>Hediyelere G\u00fczellik Katan Hediye Kutular\u0131<\/p>\n<p>Hediye Kutu \u0130le Hediyelerinizi \u00d6zelle\u015ftirin<\/p>\n<p>Hediye Kutusu \u0130le Hediyesini G\u00fczelle\u015ftir<\/p>\n<p>Hediyelere G\u00fczellik Katan Hediye Kutular\u0131<\/p>\n<p>Yada Farkl\u0131 Hediyelerinizde Kullanabilirsiniz<\/p>\n<p>Hediyesini \u00d6zel Hediye Kutular\u0131ndan Sunmaya Ne Dersiniz<\/p>\n<p>Biz Sunumunuza Deger \u00dcst\u00fcne Deger Katman\u0131z\u0131 Saglayabiliriz<\/p>\n<p>Elbette Size \u00d6zel Hediye Projelerinize Sizin Belirlediginiz Ebatlarda Sizin \u0130stediginiz Renklerde Hediye Kutusu \u00dcRETEL\u0130M M\u0130<\/p>\n<p>Kullan\u0131lan Malzeme : 2 MM L\u00fcx Sert Kal\u0131n Mukavva \u00dczeri Taslama Usul\u00fc \u00dczeri L\u00fcx Fantazi Kag\u0131t S\u0131vama Kaplama )<\/p>\n<p>(Tamam\u0131 \u0130le Yerli \u00dcretim : Madde \u0130n T\u00fcrkiye )<\/p>\n<p>NOT 1 : En H\u0131zl\u0131 Satan Modellerden Stok Olab\u0131l\u0131r Bilgi Almal\u0131s\u0131n\u0131z<\/p>\n<p>NOT 2 : Size \u00d6zel Ebatlarda Da Hediye Kutu \u00dcretelim mi ?<\/p>\n<p>Site \u00dczerinden Sipari\u015f Verilmiyor<\/p>\n<p>Sipari\u015fleriniz Fatih Kaya \u0130le WhatsApp Tan Online Bilgi Alab\u0131l\u0131rs\u0131n\u0131z<\/p>\n<p>Farkl\u0131 Projelerinizde Kullanmak \u0130steyeceg\u0131n\u0131z \u00d6zel L\u00fcx Hediye Kutular\u0131<\/p>\n","protected":false},"excerpt":{"rendered":"<p>https:\/\/youtube.com\/shorts\/TOKPGV1LIK4?feature=share<\/p>\n","protected":false},"featured_media":4130,"template":"","meta":{"_joinchat":[]},"product_brand":[],"product_cat":[594],"product_tag":[123,121,125,124,86,87,126,122],"class_list":{"0":"post-4146","1":"product","2":"type-product","3":"status-publish","4":"has-post-thumbnail","6":"product_cat-dikdortgen-hediye-kutulari","7":"product_tag-anneye-dogum-gunu-hediyesi","8":"product_tag-arkadasa-hediye","9":"product_tag-bebek-hediyeleri","10":"product_tag-evlilik-yildonumu-hediyeleri","11":"product_tag-hediye-kutu","12":"product_tag-hediye-kutusu","13":"product_tag-ogretmenler-gunu-hediyeleri","14":"product_tag-sevgililer-gunu-hediyesi","16":"first","17":"instock","18":"taxable","19":"shipping-taxable","20":"product-type-simple"},"_links":{"self":[{"href":"https:\/\/toptanhediyekutu.com\/index.php?rest_route=\/wp\/v2\/product\/4146","targetHints":{"allow":["GET"]}}],"collection":[{"href":"https:\/\/toptanhediyekutu.com\/index.php?rest_route=\/wp\/v2\/product"}],"about":[{"href":"https:\/\/toptanhediyekutu.com\/index.php?rest_route=\/wp\/v2\/types\/product"}],"version-history":[{"count":2,"href":"https:\/\/toptanhediyekutu.com\/index.php?rest_route=\/wp\/v2\/product\/4146\/revisions"}],"predecessor-version":[{"id":6469,"href":"https:\/\/toptanhediyekutu.com\/index.php?rest_route=\/wp\/v2\/product\/4146\/revisions\/6469"}],"wp:featuredmedia":[{"embeddable":true,"href":"https:\/\/toptanhediyekutu.com\/index.php?rest_route=\/wp\/v2\/media\/4130"}],"wp:attachment":[{"href":"https:\/\/toptanhediyekutu.com\/index.php?rest_route=%2Fwp%2Fv2%2Fmedia&parent=4146"}],"wp:term":[{"taxonomy":"product_brand","embeddable":true,"href":"https:\/\/toptanhediyekutu.com\/index.php?rest_route=%2Fwp%2Fv2%2Fproduct_brand&post=4146"},{"taxonomy":"product_cat","embeddable":true,"href":"https:\/\/toptanhediyekutu.com\/index.php?rest_route=%2Fwp%2Fv2%2Fproduct_cat&post=4146"},{"taxonomy":"product_tag","embeddable":true,"href":"https:\/\/toptanhediyekutu.com\/index.php?rest_route=%2Fwp%2Fv2%2Fproduct_tag&post=4146"}],"curies":[{"name":"wp","href":"https:\/\/api.w.org\/{rel}","templated":true}]}}