{"id":4121,"date":"2023-01-19T00:55:43","date_gmt":"2023-01-18T21:55:43","guid":{"rendered":"https:\/\/lavenderblush-sheep-125930.hostingersite.com\/?post_type=product&#038;p=4121"},"modified":"2026-04-10T23:05:11","modified_gmt":"2026-04-10T20:05:11","slug":"hediye-kutusu-jumbo-boy-5-li-set-5","status":"publish","type":"product","link":"https:\/\/toptanhediyekutu.com\/?product=hediye-kutusu-jumbo-boy-5-li-set-5","title":{"rendered":"Hediye Kutusu Jumbo Boy 5 Li Set"},"content":{"rendered":"<p>Hediye Kutusu Jumbo Boy 5 Li Set<br \/>\nHediye Kutus Ebatlar<br \/>\nEbat : 43\/35\/21 cm<br \/>\nEbat : 40\/32\/18 cm<br \/>\nEbat : 37\/28:16 cm<br \/>\nEbat : 35:26\/15 cm<br \/>\nEbat :33\/25\/14 cm<\/p>\n<p>Hediyelere G\u00fczellik Katan Hediye Kutular\u0131<\/p>\n<p>Hediye Kutu \u0130le Hediyelerinizi \u00d6zelle\u015ftirin<\/p>\n<p>Hediye Kutusu \u0130le Hediyesini G\u00fczelle\u015ftir<\/p>\n<p>Hediyelere G\u00fczellik Katan Hediye Kutular\u0131<\/p>\n<p>Yada Farkl\u0131 Hediyelerinizde Kullanabilirsiniz<\/p>\n<p>Hediyesini \u00d6zel Hediye Kutular\u0131ndan Sunmaya Ne Dersiniz<\/p>\n<p>Biz Sunumunuza Deger \u00dcst\u00fcne Deger Katman\u0131z\u0131 Saglayabiliriz<\/p>\n<p>Elbette Size \u00d6zel Hediye Projelerinize Sizin Belirlediginiz Ebatlarda Sizin \u0130stediginiz Renklerde Hediye Kutusu \u00dcRETEL\u0130M M\u0130<\/p>\n<p>Kullan\u0131lan Malzeme : 2 MM L\u00fcx Sert Kal\u0131n Mukavva \u00dczeri Taslama Usul\u00fc \u00dczeri L\u00fcx Fantazi Kag\u0131t S\u0131vama Kaplama )<\/p>\n<p>(Tamam\u0131 \u0130le Yerli \u00dcretim : Madde \u0130n T\u00fcrkiye )<\/p>\n<p>NOT 1 : En H\u0131zl\u0131 Satan Modellerden Stok Olab\u0131l\u0131r Bilgi Almal\u0131s\u0131n\u0131z<\/p>\n<p>NOT 2 : Size \u00d6zel Ebatlarda Da Hediye Kutu \u00dcretelim mi ?<\/p>\n<p>Site \u00dczerinden Sipari\u015f Verilmiyor<\/p>\n<p>\u015eat\u0131\u015f\u0131n\u0131 Yapt\u0131g\u0131n\u0131z \u00dcr\u00fcnleri Daha G\u00fczel Daha Lux Daha Kaliteli \u015eekilde M\u00fc\u015fterilerinize \u00dcr\u00fcnlerinizi<br \/>\nSunmak \u0130stermisiniz<\/p>\n<p>Magzan\u0131za Gelen M\u00fcsterilerinize Farkl\u0131 Renklerde Degi\u015fik Ebatlarda Bo\u015f Hediye Kutusunu<br \/>\nSunarak Kazan\u00e7 Saglamak \u0130stermisiniz<\/p>\n<p>D\u00fckkan Telefon Numaram\u0131z : 0 212 531 70 58<\/p>\n<p>\u0130stanbul F\u0131nd\u0131kzade de ki Magzam\u0131zdan \u015eipari\u015fleriniz Tesl\u0131m Alabilir Ald\u0131rab\u0131l\u0131rs\u0131n\u0131z<br \/>\nYada Adresinize Kargo \u0130le G\u00f6nderebiliriz<\/p>\n<p>\u00dcr\u00fcnlerinizi Dahada G\u00fczel Sunmaya Ne Dersiniz<br \/>\nHediyelerinize \u00d6zel Hediye Kutular\u0131<\/p>\n<p>Sipari\u015fleriniz Fatih Kaya \u0130le WhatsApp Tan Online Bilgi Alab\u0131l\u0131rs\u0131n\u0131z<\/p>\n<p>Farkl\u0131 Projelerinizde Kullanmak \u0130steyeceg\u0131n\u0131z \u00d6zel L\u00fcx Hediye Kutular\u0131<br \/>\n\u2014\u2014\u2014\u2014\u2014\u2014\u2014\u2014\u2014\u2014\u2014\u2014-<br \/>\nToptan Fiyat Teklif \u0130stemelisiniz<br \/>\n\u2014\u2014\u2014\u2014\u2014\u2014\u2014\u2014\u2014\u2014\u2014\u2014-<br \/>\n100 Adet Teklif<br \/>\n\u2014\u2014\u2014\u2014\u2014\u2014\u2014\u2014\u2014-<br \/>\n250 Adet Teklif<br \/>\n\u2014\u2014\u2014\u2014\u2014\u2014\u2014\u2014\u2014-<br \/>\n500 Adet Teklif<br \/>\n\u2014\u2014\u2014\u2014\u2014\u2014\u2014\u2014\u2014-<br \/>\n1000 Adet Teklif<\/p>\n<p>Online WhatsApp 0 536 431 72 02<\/p>\n<p>D\u00fckkan Telefon Numaram\u0131z : 0 212 531 70 58<\/p>\n<p>&nbsp;<\/p>\n<p>Farkl\u0131 Projelerinizde Kullanmak \u0130steyeceg\u0131n\u0131z \u00d6zel L\u00fcx Hediye Kutular\u0131<\/p>\n","protected":false},"excerpt":{"rendered":"<p>https:\/\/youtube.com\/shorts\/50h85B5J7po?feature=share<\/p>\n","protected":false},"featured_media":4111,"template":"","meta":{"_joinchat":[]},"product_brand":[],"product_cat":[594],"product_tag":[84,86,83,87,85,88,89],"class_list":{"0":"post-4121","1":"product","2":"type-product","3":"status-publish","4":"has-post-thumbnail","6":"product_cat-dikdortgen-hediye-kutulari","7":"product_tag-hediye","8":"product_tag-hediye-kutu","9":"product_tag-hediye-kutulari","10":"product_tag-hediye-kutusu","11":"product_tag-hediyelik","12":"product_tag-hediyelik-esya","13":"product_tag-hediyelik-esya-kutusu","15":"first","16":"outofstock","17":"taxable","18":"shipping-taxable","19":"product-type-simple"},"_links":{"self":[{"href":"https:\/\/toptanhediyekutu.com\/index.php?rest_route=\/wp\/v2\/product\/4121","targetHints":{"allow":["GET"]}}],"collection":[{"href":"https:\/\/toptanhediyekutu.com\/index.php?rest_route=\/wp\/v2\/product"}],"about":[{"href":"https:\/\/toptanhediyekutu.com\/index.php?rest_route=\/wp\/v2\/types\/product"}],"version-history":[{"count":1,"href":"https:\/\/toptanhediyekutu.com\/index.php?rest_route=\/wp\/v2\/product\/4121\/revisions"}],"predecessor-version":[{"id":5864,"href":"https:\/\/toptanhediyekutu.com\/index.php?rest_route=\/wp\/v2\/product\/4121\/revisions\/5864"}],"wp:featuredmedia":[{"embeddable":true,"href":"https:\/\/toptanhediyekutu.com\/index.php?rest_route=\/wp\/v2\/media\/4111"}],"wp:attachment":[{"href":"https:\/\/toptanhediyekutu.com\/index.php?rest_route=%2Fwp%2Fv2%2Fmedia&parent=4121"}],"wp:term":[{"taxonomy":"product_brand","embeddable":true,"href":"https:\/\/toptanhediyekutu.com\/index.php?rest_route=%2Fwp%2Fv2%2Fproduct_brand&post=4121"},{"taxonomy":"product_cat","embeddable":true,"href":"https:\/\/toptanhediyekutu.com\/index.php?rest_route=%2Fwp%2Fv2%2Fproduct_cat&post=4121"},{"taxonomy":"product_tag","embeddable":true,"href":"https:\/\/toptanhediyekutu.com\/index.php?rest_route=%2Fwp%2Fv2%2Fproduct_tag&post=4121"}],"curies":[{"name":"wp","href":"https:\/\/api.w.org\/{rel}","templated":true}]}}