{"id":4091,"date":"2023-01-17T16:33:55","date_gmt":"2023-01-17T13:33:55","guid":{"rendered":"https:\/\/lavenderblush-sheep-125930.hostingersite.com\/?post_type=product&#038;p=4091"},"modified":"2026-04-10T23:06:20","modified_gmt":"2026-04-10T20:06:20","slug":"silindir-hediye-kutu-3-lu-set","status":"publish","type":"product","link":"https:\/\/toptanhediyekutu.com\/?product=silindir-hediye-kutu-3-lu-set","title":{"rendered":"Hediye Kutusu Jumbo Boy 5 Li Set"},"content":{"rendered":"<p>Hediye Kutusu Jumbo Boy 5 Li Set<br \/>\nHediye Kutus Ebatlar<br \/>\nEbat : 43\/35\/21 cm<br \/>\nEbat : 40\/32\/18 cm<br \/>\nEbat : 37\/28:16 cm<br \/>\nEbat : 35:26\/15 cm<br \/>\nEbat :33\/25\/14 cm<\/p>\n<p>Hediyenizi Zenginle\u015ftirmek G\u00fczelle\u015ftirmek \u0130stediginizde<br \/>\nHediyelerinize Yak\u0131\u015facak Hediye Kutular\u0131<\/p>\n<p>\u015eat\u0131\u015f\u0131n\u0131 Yapt\u0131g\u0131n\u0131z \u00dcr\u00fcnleri Daha G\u00fczel Daha Lux Daha Kaliteli \u015eekilde M\u00fc\u015fterilerinize \u00dcr\u00fcnlerinizi<br \/>\nSunmak \u0130stermisiniz<\/p>\n<p>Magzan\u0131za Gelen M\u00fcsterilerinize Farkl\u0131 Renklerde Degi\u015fik Ebatlarda Bo\u015f Hediye Kutusunu<br \/>\nSunarak Kazan\u00e7 Saglamak \u0130stermisiniz<\/p>\n<p>\u0130stanbul F\u0131nd\u0131kzade de ki Magzam\u0131zdan \u015eipari\u015fleriniz Tesl\u0131m Alabilir Ald\u0131rab\u0131l\u0131rs\u0131n\u0131z<br \/>\nYada Adresinize Kargo \u0130le G\u00f6nderebiliriz<\/p>\n<p>\u00dcr\u00fcnlerinizi Dahada G\u00fczel Sunmaya Ne Dersiniz<br \/>\nHediyelerinize \u00d6zel Hediye Kutular\u0131<\/p>\n","protected":false},"excerpt":{"rendered":"<p>Hediye Kutusu Jumbo Boy 5 Li Set Hediye Kutus Ebatlar Ebat : 43\/35\/21 cm Ebat : 40\/32\/18 cm Ebat : 37\/28:16 cm Ebat : 35:26\/15 cm Ebat :33\/25\/14 cm Hediyenizi [&hellip;]<\/p>\n","protected":false},"featured_media":4116,"template":"","meta":{"_joinchat":[]},"product_brand":[],"product_cat":[594],"product_tag":[80,82,81,84,86,83,87,85,88,89,71,73,72],"class_list":{"0":"post-4091","1":"product","2":"type-product","3":"status-publish","4":"has-post-thumbnail","6":"product_cat-dikdortgen-hediye-kutulari","7":"product_tag-bos-hediye-kutu","8":"product_tag-bos-hediye-kutulari","9":"product_tag-bos-hediye-kutusu","10":"product_tag-hediye","11":"product_tag-hediye-kutu","12":"product_tag-hediye-kutulari","13":"product_tag-hediye-kutusu","14":"product_tag-hediyelik","15":"product_tag-hediyelik-esya","16":"product_tag-hediyelik-esya-kutusu","17":"product_tag-toptan-bos-hediye-kutu","18":"product_tag-toptan-bos-hediye-kutulari","19":"product_tag-toptan-bos-hediye-kutusu","21":"first","22":"outofstock","23":"taxable","24":"shipping-taxable","25":"product-type-simple"},"_links":{"self":[{"href":"https:\/\/toptanhediyekutu.com\/index.php?rest_route=\/wp\/v2\/product\/4091","targetHints":{"allow":["GET"]}}],"collection":[{"href":"https:\/\/toptanhediyekutu.com\/index.php?rest_route=\/wp\/v2\/product"}],"about":[{"href":"https:\/\/toptanhediyekutu.com\/index.php?rest_route=\/wp\/v2\/types\/product"}],"version-history":[{"count":1,"href":"https:\/\/toptanhediyekutu.com\/index.php?rest_route=\/wp\/v2\/product\/4091\/revisions"}],"predecessor-version":[{"id":5857,"href":"https:\/\/toptanhediyekutu.com\/index.php?rest_route=\/wp\/v2\/product\/4091\/revisions\/5857"}],"wp:featuredmedia":[{"embeddable":true,"href":"https:\/\/toptanhediyekutu.com\/index.php?rest_route=\/wp\/v2\/media\/4116"}],"wp:attachment":[{"href":"https:\/\/toptanhediyekutu.com\/index.php?rest_route=%2Fwp%2Fv2%2Fmedia&parent=4091"}],"wp:term":[{"taxonomy":"product_brand","embeddable":true,"href":"https:\/\/toptanhediyekutu.com\/index.php?rest_route=%2Fwp%2Fv2%2Fproduct_brand&post=4091"},{"taxonomy":"product_cat","embeddable":true,"href":"https:\/\/toptanhediyekutu.com\/index.php?rest_route=%2Fwp%2Fv2%2Fproduct_cat&post=4091"},{"taxonomy":"product_tag","embeddable":true,"href":"https:\/\/toptanhediyekutu.com\/index.php?rest_route=%2Fwp%2Fv2%2Fproduct_tag&post=4091"}],"curies":[{"name":"wp","href":"https:\/\/api.w.org\/{rel}","templated":true}]}}