{"id":31336,"date":"2026-01-20T01:45:18","date_gmt":"2026-01-19T22:45:18","guid":{"rendered":"https:\/\/lavenderblush-sheep-125930.hostingersite.com\/?post_type=product&#038;p=31336"},"modified":"2026-01-20T01:46:41","modified_gmt":"2026-01-19T22:46:41","slug":"cikolata-kutu-ebat29-21-5-6-cm-2","status":"publish","type":"product","link":"https:\/\/toptanhediyekutu.com\/?product=cikolata-kutu-ebat29-21-5-6-cm-2","title":{"rendered":"\u00c7ikolata Kutu Ebat:29\/21\/5.6 cm"},"content":{"rendered":"<p>&nbsp;<\/p>\n<p class=\"p1\"><span class=\"s1\"><b>\u00c7ikolata Kutu Ebat:29\/21\/5.6 cm<\/b><\/span><\/p>\n<p class=\"p1\"><span class=\"s1\"><b>30 Adet Ve \u00dczeri Al\u0131mlar \u0130\u00e7in Toptan Fiyattan Biraz Daha \u0130ndirim Yap\u0131l\u0131r <\/b><\/span><\/p>\n<p class=\"p1\"><span class=\"s1\"><b>Fatih Kayadan B\u0131lg\u0131 Alabilirsiniz At\u00f6lye 0 212 531 70 58 <\/b><\/span><\/p>\n<p class=\"p1\"><span class=\"s1\"><b>50 Adet Ve \u00dczer\u0131 Al\u0131mlarda Logo Bask\u0131l\u0131 \u00dcretim Yap\u0131l\u0131r <\/b><\/span><\/p>\n<p class=\"p1\"><span class=\"s1\"><b>Not Bize Yak\u0131nsan\u0131z Sipari\u015flerinizi D\u00fckkan\u0131m\u0131zdan Tesl\u0131m Alabilirsiniz <\/b><\/span><\/p>\n<p class=\"p1\"><span class=\"s1\"><b>Yada Aras Kargo \u0130le Anlasmal\u0131y\u0131z Adresinize Kargo \u0130le G\u00f6nderilir <\/b><\/span><\/p>\n","protected":false},"excerpt":{"rendered":"<p>https:\/\/youtube.com\/shorts\/Fnz2ViUltwY?si=pWTOs29__XfnoF8N<\/p>\n<p class=\"p1\"><span class=\"s1\"><b>\u00c7ikolata Kutu Ebat:29\/21\/5.6 cm<\/b><\/span><\/p>\n<p class=\"p1\"><span class=\"s1\"><b>30 Adet Ve \u00dczeri Al\u0131mlar \u0130\u00e7in Toptan Fiyattan Biraz Daha \u0130ndirim Yap\u0131l\u0131r <\/b><\/span><\/p>\n<p class=\"p1\"><span class=\"s1\"><b>Fatih Kayadan B\u0131lg\u0131 Alabilirsiniz At\u00f6lye 0 212 531 70 58 <\/b><\/span><\/p>\n<p class=\"p1\"><span class=\"s1\"><b>50 Adet Ve \u00dczer\u0131 Al\u0131mlarda Logo Bask\u0131l\u0131 \u00dcretim Yap\u0131l\u0131r <\/b><\/span><\/p>\n<p class=\"p1\"><span class=\"s1\"><b>Not Bize Yak\u0131nsan\u0131z Sipari\u015flerinizi D\u00fckkan\u0131m\u0131zdan Tesl\u0131m Alabilirsiniz <\/b><\/span><\/p>\n<p class=\"p1\"><span class=\"s1\"><b>Yada Aras Kargo \u0130le Anlasmal\u0131y\u0131z Adresinize Kargo \u0130le G\u00f6nderilir<\/b><\/span><\/p>\n","protected":false},"featured_media":31316,"template":"","meta":{"_joinchat":[]},"product_brand":[],"product_cat":[1395],"product_tag":[1769,400,1763,1734,1770,402],"class_list":{"0":"post-31336","1":"product","2":"type-product","3":"status-publish","4":"has-post-thumbnail","6":"product_cat-cikolata-hediye-kutulari","7":"product_tag-bos-cikolata-kutu","8":"product_tag-cikolata-kutu","9":"product_tag-madlen-cikolata-kutusu","10":"product_tag-toptan-cikolata","11":"product_tag-toptan-cikolata-fiyatlari","12":"product_tag-toptan-cikolata-kutusu","14":"first","15":"instock","16":"taxable","17":"shipping-taxable","18":"product-type-simple"},"_links":{"self":[{"href":"https:\/\/toptanhediyekutu.com\/index.php?rest_route=\/wp\/v2\/product\/31336","targetHints":{"allow":["GET"]}}],"collection":[{"href":"https:\/\/toptanhediyekutu.com\/index.php?rest_route=\/wp\/v2\/product"}],"about":[{"href":"https:\/\/toptanhediyekutu.com\/index.php?rest_route=\/wp\/v2\/types\/product"}],"version-history":[{"count":1,"href":"https:\/\/toptanhediyekutu.com\/index.php?rest_route=\/wp\/v2\/product\/31336\/revisions"}],"predecessor-version":[{"id":31337,"href":"https:\/\/toptanhediyekutu.com\/index.php?rest_route=\/wp\/v2\/product\/31336\/revisions\/31337"}],"wp:featuredmedia":[{"embeddable":true,"href":"https:\/\/toptanhediyekutu.com\/index.php?rest_route=\/wp\/v2\/media\/31316"}],"wp:attachment":[{"href":"https:\/\/toptanhediyekutu.com\/index.php?rest_route=%2Fwp%2Fv2%2Fmedia&parent=31336"}],"wp:term":[{"taxonomy":"product_brand","embeddable":true,"href":"https:\/\/toptanhediyekutu.com\/index.php?rest_route=%2Fwp%2Fv2%2Fproduct_brand&post=31336"},{"taxonomy":"product_cat","embeddable":true,"href":"https:\/\/toptanhediyekutu.com\/index.php?rest_route=%2Fwp%2Fv2%2Fproduct_cat&post=31336"},{"taxonomy":"product_tag","embeddable":true,"href":"https:\/\/toptanhediyekutu.com\/index.php?rest_route=%2Fwp%2Fv2%2Fproduct_tag&post=31336"}],"curies":[{"name":"wp","href":"https:\/\/api.w.org\/{rel}","templated":true}]}}