{"id":31303,"date":"2026-01-16T14:29:48","date_gmt":"2026-01-16T11:29:48","guid":{"rendered":"https:\/\/lavenderblush-sheep-125930.hostingersite.com\/?post_type=product&#038;p=31303"},"modified":"2026-01-16T14:30:10","modified_gmt":"2026-01-16T11:30:10","slug":"cikolata-hediye-kutu-ebat29-21-5-6-cm-3","status":"publish","type":"product","link":"https:\/\/toptanhediyekutu.com\/?product=cikolata-hediye-kutu-ebat29-21-5-6-cm-3","title":{"rendered":"\u00c7ikolata Hediye Kutu Ebat:29\/21\/5.6 cm"},"content":{"rendered":"<p>\u00c7ikolata Hediye Kutu Ebat:29\/21\/5.6 cm<\/p>\n<p>Hediye Kutusu Ag\u0131rl\u0131k 430 GR<\/p>\n<p>&nbsp;<\/p>\n<p>30 ADET VE \u00dcZER\u0130 ALIMLAR \u0130\u00c7\u0130N \u00d6ZEL F\u0130YAT \u00d6GRENMELISINIZ<\/p>\n<p>FAT\u0130H KAYA 0 212 531 70 58 ONLINE BILGI ALAB\u0130L\u0130RS\u0130N\u0130Z<\/p>\n","protected":false},"excerpt":{"rendered":"<p>&nbsp;<\/p>\n<p>https:\/\/youtube.com\/shorts\/XGycXgdpAD0?si=pNqRmFO205h3SE70<\/p>\n<p>\u00c7ikolata Hediye Kutu Ebat:29\/21\/5.6 cm<\/p>\n<p>Hediye Kutusu Ag\u0131rl\u0131k 430 GR<\/p>\n<p>&nbsp;<\/p>\n<p>30 ADET VE \u00dcZER\u0130 ALIMLAR \u0130\u00c7\u0130N \u00d6ZEL F\u0130YAT \u00d6GRENMELISINIZ<\/p>\n<p>FAT\u0130H KAYA 0 212 531 70 58 ONLINE BILGI ALAB\u0130L\u0130RS\u0130N\u0130Z<\/p>\n","protected":false},"featured_media":31299,"template":"","meta":{"_joinchat":[]},"product_brand":[],"product_cat":[1395],"product_tag":[1725,566,565,568,551,99],"class_list":{"0":"post-31303","1":"product","2":"type-product","3":"status-publish","4":"has-post-thumbnail","6":"product_cat-cikolata-hediye-kutulari","7":"product_tag-cikolata-kutusu-fiyatlari","8":"product_tag-madlen-cikolata","9":"product_tag-spesiyal-cikolata","10":"product_tag-tablet-cikolata","11":"product_tag-toptan","12":"product_tag-toptan-kutu","14":"first","15":"instock","16":"taxable","17":"shipping-taxable","18":"product-type-simple"},"_links":{"self":[{"href":"https:\/\/toptanhediyekutu.com\/index.php?rest_route=\/wp\/v2\/product\/31303","targetHints":{"allow":["GET"]}}],"collection":[{"href":"https:\/\/toptanhediyekutu.com\/index.php?rest_route=\/wp\/v2\/product"}],"about":[{"href":"https:\/\/toptanhediyekutu.com\/index.php?rest_route=\/wp\/v2\/types\/product"}],"version-history":[{"count":1,"href":"https:\/\/toptanhediyekutu.com\/index.php?rest_route=\/wp\/v2\/product\/31303\/revisions"}],"predecessor-version":[{"id":31304,"href":"https:\/\/toptanhediyekutu.com\/index.php?rest_route=\/wp\/v2\/product\/31303\/revisions\/31304"}],"wp:featuredmedia":[{"embeddable":true,"href":"https:\/\/toptanhediyekutu.com\/index.php?rest_route=\/wp\/v2\/media\/31299"}],"wp:attachment":[{"href":"https:\/\/toptanhediyekutu.com\/index.php?rest_route=%2Fwp%2Fv2%2Fmedia&parent=31303"}],"wp:term":[{"taxonomy":"product_brand","embeddable":true,"href":"https:\/\/toptanhediyekutu.com\/index.php?rest_route=%2Fwp%2Fv2%2Fproduct_brand&post=31303"},{"taxonomy":"product_cat","embeddable":true,"href":"https:\/\/toptanhediyekutu.com\/index.php?rest_route=%2Fwp%2Fv2%2Fproduct_cat&post=31303"},{"taxonomy":"product_tag","embeddable":true,"href":"https:\/\/toptanhediyekutu.com\/index.php?rest_route=%2Fwp%2Fv2%2Fproduct_tag&post=31303"}],"curies":[{"name":"wp","href":"https:\/\/api.w.org\/{rel}","templated":true}]}}